{"id":1766,"date":"2020-07-15T15:01:01","date_gmt":"2020-07-15T13:01:01","guid":{"rendered":"http:\/\/myhealth-water.com\/?page_id=1766"},"modified":"2020-09-16T13:26:03","modified_gmt":"2020-09-16T11:26:03","slug":"home-page","status":"publish","type":"page","link":"https:\/\/myhealth-water.com\/de\/","title":{"rendered":"Home Page"},"content":{"rendered":"[vc_row full_width=&#8221;stretch_row_content_no_spaces&#8221;][vc_column][rev_slider_vc alias=&#8221;homesliderde&#8221;][\/vc_column][\/vc_row][vc_row equal_height=&#8221;yes&#8221; el_class=&#8221;welcome-text has-border fix-bottom-space&#8221;][vc_column][vc_column_text]\n<h3>Strukturiertes<br \/>\nWasser von h\u00f6chster biologischer Qualit\u00e4t<\/h3>\n[\/vc_column_text][vc_column_text]<span style=\"font-size: 16pt;\">Unsere innovative Revitalisierungstechnologie stellt die belebenden und gesundheitsf\u00f6rdernden Eigenschaften des aus dem Boden gef\u00f6rderten Wassers wieder her. Die Eigenschaften sind typisch f\u00fcr das in rei\u00dfenden Str\u00f6men flie\u00dfende, sauerstoffreiche Oberfl\u00e4chenwasser, das dem in den Zellen lebender Organismen enthaltenen Wasser sehr \u00e4hnelt.<\/span>[\/vc_column_text][vc_single_image image=&#8221;1307&#8243; img_size=&#8221;full&#8221; alignment=&#8221;center&#8221;][vc_btn title=&#8221;&#8221; shape=&#8221;round&#8221; color=&#8221;blue&#8221; align=&#8221;center&#8221; i_icon_fontawesome=&#8221;fa fa-long-arrow-down&#8221; css_animation=&#8221;none&#8221; add_icon=&#8221;true&#8221; link=&#8221;url:%23powrot|||&#8221;][\/vc_column][\/vc_row][vc_row full_width=&#8221;stretch_row&#8221; el_class=&#8221;fullbanner layout1 fix-bottom-space&#8221; css=&#8221;.vc_custom_1591180735851{background: #111419 url(http:\/\/myhealth-water.com\/wp-content\/uploads\/2019\/04\/parallax-2.jpg?id=1368) !important;background-position: center !important;background-repeat: no-repeat !important;background-size: cover !important;}&#8221; el_id=&#8221;powrot&#8221;][vc_column][vc_column_text]\n<h2><span style=\"color: #ffffff; font-size: 26pt;\">MyHealth<\/span><\/h2>\n<p><span style=\"font-size: 18pt;\">Die R\u00fcckkehr zu einer nat\u00fcrlichen Ern\u00e4hrungsweise<\/span><br \/>\n<span style=\"font-size: 18pt;\">ist unsere gro\u00dfe Chance f\u00fcr ein langes und gesundes Leben!<\/span>[\/vc_column_text][vc_btn title=&#8221;Find out more&#8221; style=&#8221;custom&#8221; custom_background=&#8221;#ffaa00&#8243; custom_text=&#8221;#ffffff&#8221; shape=&#8221;square&#8221; size=&#8221;lg&#8221; align=&#8221;center&#8221; i_icon_fontawesome=&#8221;fa fa-question&#8221; add_icon=&#8221;true&#8221; link=&#8221;url:http%3A%2F%2Fmyhealth-water.com%2Fo-produkcie%2F|title:O%20Produkcie||&#8221; css=&#8221;.vc_custom_1555673617248{margin-top: 50px !important;}&#8221;][\/vc_column][\/vc_row][vc_row][vc_column width=&#8221;1\/2&#8243;]<div class=\"heading-title style1 \"><h3><span>Die wichtigsten physikalischen Eigenschaften des MyHealth-Wassers:<\/span><\/h3><\/div>[vc_column_text]\n<ul>\n<li>die Gr\u00f6\u00dfe Volumen der Wassertropfen ist im Vergleich zum verf\u00fcgbaren Flaschen- und Leitungswasser um ein Vielfaches reduziert worden \u2013 diese Eigenschaft verbessert die Aufnahme und die Weiterleitung dieses Wassers im K\u00f6rper, wodurch die K\u00f6rperzellen perfekt mit Wasser versorgt, der Transport von N\u00e4hrstoffen verbessert und Giftstoffe sowie Abfallprodukte des Stoffwechsels wirksamer ausgesp\u00fclt werden<\/li>\n<li>die erh\u00f6hte Menge dauerhaft gel\u00f6sten Sauerstoffs im Wasser von &gt;20 mg\/l (d.h. bis zu 5-mal mehr als in anderen W\u00e4ssern, einschlie\u00dflich Leitungswasser) verbessert den intrazellul\u00e4ren Metabolismus<\/li>\n<li>beide Eigenschaften k\u00f6nnen das Risiko der Entwicklung vieler Zivilisationskrankheiten verringern<\/li>\n<\/ul>\n[\/vc_column_text][\/vc_column][vc_column width=&#8221;1\/2&#8243;][vc_single_image image=&#8221;1418&#8243; img_size=&#8221;full&#8221; alignment=&#8221;center&#8221; style=&#8221;vc_box_shadow&#8221;][\/vc_column][\/vc_row][vc_row][vc_column width=&#8221;1\/2&#8243;][\/vc_column][vc_column width=&#8221;1\/2&#8243;]<div class=\"heading-title style1 \"><h3><span>Anwendung:<\/span><\/h3><\/div>[vc_column_text]\n<ul>\n<li>GESUNDHEITSPROPHYLAXE<\/li>\n<li>Unterst\u00fctzung der Therapie bei vielen Krankheiten der modernen Welt<\/li>\n<li>Zust\u00e4nde der Rehabilitation und Rekonvaleszenz, Therapien bei verschiedenen Vergiftungen<\/li>\n<li>erh\u00f6hte k\u00f6rperliche und geistige Aktivit\u00e4t, Sporttraining<\/li>\n<li>im Entwicklungsalter von Kindern und Jugendlichen<\/li>\n<li><strong>F\u00fcr Ihr Wohlbefinden in jedem Alter<\/strong><\/li>\n<\/ul>\n[\/vc_column_text][\/vc_column][\/vc_row][vc_row full_width=&#8221;stretch_row&#8221; css=&#8221;.vc_custom_1559034195472{background-image: url(http:\/\/myhealth-water.com\/wp-content\/uploads\/2019\/05\/OMSZ920.jpg?id=1422) !important;background-position: center !important;background-repeat: no-repeat !important;background-size: cover !important;}&#8221;][vc_column css=&#8221;.vc_custom_1559034206079{padding-top: 30% !important;}&#8221;][\/vc_column][\/vc_row][vc_row full_width=&#8221;stretch_row_content&#8221; equal_height=&#8221;yes&#8221; content_placement=&#8221;top&#8221;][vc_column width=&#8221;1\/2&#8243; css=&#8221;.vc_custom_1559035480748{padding-top: 80px !important;padding-right: 30% !important;padding-bottom: 80px !important;}&#8221; offset=&#8221;vc_col-lg-offset-1 vc_col-lg-5&#8243;][vc_column_text]\n<h3>Warum strukturiertes Wasser?<\/h3>\n[\/vc_column_text][vc_column_text]Nat\u00fcrliche Prozesse, die in der Natur ablaufen, wurden zu einer Inspiration f\u00fcr die Entwicklung der Technologie f\u00fcr Luftanreicherung unter dem Namen &#8220;G\u00f3rski Potok&#8221; (&#8220;Gebirgsbach&#8221;), der wir folgende Vorteile verdanken:<br \/>\n\u2022 Vorbeugung gegen freie Radikale<br \/>\n\u2022 Perfekt ausgewogene Zusammensetzung der im Wasser gel\u00f6sten Luftgase sowie die innere Strukturierung auf der Ebene der Nano-Tropfen<br \/>\n\u2022 Ausschlie\u00dflich positive Auswirkungen des Wassers auf die Funktionen des K\u00f6rpers \u2013 es stimuliert die Gesundheit und Vitalit\u00e4t, verbessert die Ausdauer bei geistiger und k\u00f6rperlicher Anstrengung<\/p>\n<p>\u2022 Eine Chance f\u00fcr ein langes Leben mit einer Verringerung akuter und chronischer Krankheitszust\u00e4nde \u2022 Sicherheit beim Verbrauch gro\u00dfer Mengen des Wassers (bis zu 6 Liter pro Tag!) im Falle eines solchen Bedarfs \u00fcber einen l\u00e4ngeren Zeitraum[\/vc_column_text][\/vc_column][vc_column width=&#8221;1\/2&#8243; css=&#8221;.vc_custom_1585046128291{margin-right: -15px !important;background-position: center !important;background-repeat: no-repeat !important;background-size: cover !important;}&#8221;][vc_single_image image=&#8221;1428&#8243; img_size=&#8221;full&#8221; alignment=&#8221;center&#8221; style=&#8221;vc_box_shadow&#8221;][\/vc_column][\/vc_row][vc_row full_width=&#8221;stretch_row&#8221; equal_height=&#8221;yes&#8221; disable_element=&#8221;yes&#8221; css=&#8221;.vc_custom_1585833993140{background-position: center !important;background-repeat: no-repeat !important;background-size: cover !important;}&#8221; el_class=&#8221;testimonials-container fix-bottom-space&#8221;][vc_column css=&#8221;.vc_custom_1540795511092{padding-top: 50px !important;padding-bottom: 50px !important;}&#8221;]<div class=\"heading-title style2 \"><h3><span>Opinie<\/span><\/h3><\/div><div class=\"testimonials-wrapper navigation-style2 style1\" data-navigation=0 data-pagination=1 data-speed=500 data-loop=0 data-auto=0><\/div>[\/vc_column][\/vc_row][vc_row full_width=&#8221;stretch_row&#8221; css=&#8221;.vc_custom_1587031835957{padding-top: 40px !important;padding-bottom: 40px !important;background: #1e73be url(http:\/\/myhealth-water.com\/wp-content\/uploads\/2020\/04\/water_1-2.png?id=1655) !important;background-position: center !important;background-repeat: no-repeat !important;background-size: cover !important;}&#8221; el_id=&#8221;testimonials&#8221;][vc_column]<div class=\"heading-title style2 \"><h3><span>Bewertungen<\/span><\/h3><\/div><div class=\"testimonials-wrapper navigation-style2 style1\" data-navigation=1 data-pagination=1 data-speed=500 data-loop=0 data-auto=0><\/div>[\/vc_column][\/vc_row]\n","protected":false},"excerpt":{"rendered":"<p>[vc_row full_width=&#8221;stretch_row_content_no_spaces&#8221;][vc_column][rev_slider_vc alias=&#8221;homesliderde&#8221;][\/vc_column][\/vc_row][vc_row equal_height=&#8221;yes&#8221; el_class=&#8221;welcome-text has-border fix-bottom-space&#8221;][vc_column][vc_column_text] Strukturiertes Wasser von h\u00f6chster biologischer Qualit\u00e4t [\/vc_column_text][vc_column_text]Unsere innovative Revitalisierungstechnologie stellt die belebenden und gesundheitsf\u00f6rdernden Eigenschaften des aus dem Boden gef\u00f6rderten Wassers wieder her. Die Eigenschaften sind typisch f\u00fcr das in rei\u00dfenden Str\u00f6men flie\u00dfende, sauerstoffreiche Oberfl\u00e4chenwasser, das dem in den Zellen lebender Organismen enthaltenen<\/p>\n","protected":false},"author":1,"featured_media":0,"parent":0,"menu_order":0,"comment_status":"closed","ping_status":"closed","template":"page-templates\/front-page.php","meta":{"footnotes":""},"class_list":["post-1766","page","type-page","status-publish","hentry"],"yoast_head":"<!-- This site is optimized with the Yoast SEO plugin v27.6 - https:\/\/yoast.com\/product\/yoast-seo-wordpress\/ -->\n<title>Home Page - My Health Strukturiertes Wasser online Shop<\/title>\n<meta name=\"description\" content=\"Unsere innovative Revitalisierungstechnologie stellt die belebenden und gesundheitsf\u00f6rdernden Eigenschaften des aus dem Boden gef\u00f6rderten Wassers wieder her. Die Eigenschaften sind typisch f\u00fcr das in rei\u00dfenden Str\u00f6men flie\u00dfende, sauerstoffreiche Oberfl\u00e4chenwasser, das dem in den Zellen lebender Organismen enthaltenen Wasser sehr \u00e4hnelt.\" \/>\n<meta name=\"robots\" content=\"index, follow, max-snippet:-1, max-image-preview:large, max-video-preview:-1\" \/>\n<link rel=\"canonical\" href=\"https:\/\/myhealth-water.com\/de\/\" \/>\n<meta property=\"og:locale\" content=\"de_DE\" \/>\n<meta property=\"og:type\" content=\"article\" \/>\n<meta property=\"og:title\" content=\"Home Page - My Health Strukturiertes Wasser online Shop\" \/>\n<meta property=\"og:description\" content=\"Unsere innovative Revitalisierungstechnologie stellt die belebenden und gesundheitsf\u00f6rdernden Eigenschaften des aus dem Boden gef\u00f6rderten Wassers wieder her. Die Eigenschaften sind typisch f\u00fcr das in rei\u00dfenden Str\u00f6men flie\u00dfende, sauerstoffreiche Oberfl\u00e4chenwasser, das dem in den Zellen lebender Organismen enthaltenen Wasser sehr \u00e4hnelt.\" \/>\n<meta property=\"og:url\" content=\"https:\/\/myhealth-water.com\/de\/\" \/>\n<meta property=\"og:site_name\" content=\"My Health\" \/>\n<meta property=\"article:modified_time\" content=\"2020-09-16T11:26:03+00:00\" \/>\n<meta name=\"twitter:card\" content=\"summary_large_image\" \/>\n<meta name=\"twitter:label1\" content=\"Gesch\u00e4tzte Lesezeit\" \/>\n\t<meta name=\"twitter:data1\" content=\"4\u00a0Minuten\" \/>\n<script type=\"application\/ld+json\" class=\"yoast-schema-graph\">{\"@context\":\"https:\\\/\\\/schema.org\",\"@graph\":[{\"@type\":\"WebPage\",\"@id\":\"https:\\\/\\\/myhealth-water.com\\\/de\\\/\",\"url\":\"https:\\\/\\\/myhealth-water.com\\\/de\\\/\",\"name\":\"Home Page - My Health Strukturiertes Wasser online Shop\",\"isPartOf\":{\"@id\":\"https:\\\/\\\/myhealth-water.com\\\/de\\\/#website\"},\"datePublished\":\"2020-07-15T13:01:01+00:00\",\"dateModified\":\"2020-09-16T11:26:03+00:00\",\"description\":\"Unsere innovative Revitalisierungstechnologie stellt die belebenden und gesundheitsf\u00f6rdernden Eigenschaften des aus dem Boden gef\u00f6rderten Wassers wieder her. Die Eigenschaften sind typisch f\u00fcr das in rei\u00dfenden Str\u00f6men flie\u00dfende, sauerstoffreiche Oberfl\u00e4chenwasser, das dem in den Zellen lebender Organismen enthaltenen Wasser sehr \u00e4hnelt.\",\"breadcrumb\":{\"@id\":\"https:\\\/\\\/myhealth-water.com\\\/de\\\/#breadcrumb\"},\"inLanguage\":\"de\",\"potentialAction\":[{\"@type\":\"ReadAction\",\"target\":[\"https:\\\/\\\/myhealth-water.com\\\/de\\\/\"]}]},{\"@type\":\"BreadcrumbList\",\"@id\":\"https:\\\/\\\/myhealth-water.com\\\/de\\\/#breadcrumb\",\"itemListElement\":[{\"@type\":\"ListItem\",\"position\":1,\"name\":\"Start\",\"item\":\"https:\\\/\\\/myhealth-water.com\\\/de\\\/\"},{\"@type\":\"ListItem\",\"position\":2,\"name\":\"Home Page\"}]},{\"@type\":\"WebSite\",\"@id\":\"https:\\\/\\\/myhealth-water.com\\\/de\\\/#website\",\"url\":\"https:\\\/\\\/myhealth-water.com\\\/de\\\/\",\"name\":\"My Health\",\"description\":\"Kolejna witryna oparta na WordPressie\",\"potentialAction\":[{\"@type\":\"SearchAction\",\"target\":{\"@type\":\"EntryPoint\",\"urlTemplate\":\"https:\\\/\\\/myhealth-water.com\\\/de\\\/?s={search_term_string}\"},\"query-input\":{\"@type\":\"PropertyValueSpecification\",\"valueRequired\":true,\"valueName\":\"search_term_string\"}}],\"inLanguage\":\"de\"}]}<\/script>\n<!-- \/ Yoast SEO plugin. -->","yoast_head_json":{"title":"Home Page - My Health Strukturiertes Wasser online Shop","description":"Unsere innovative Revitalisierungstechnologie stellt die belebenden und gesundheitsf\u00f6rdernden Eigenschaften des aus dem Boden gef\u00f6rderten Wassers wieder her. Die Eigenschaften sind typisch f\u00fcr das in rei\u00dfenden Str\u00f6men flie\u00dfende, sauerstoffreiche Oberfl\u00e4chenwasser, das dem in den Zellen lebender Organismen enthaltenen Wasser sehr \u00e4hnelt.","robots":{"index":"index","follow":"follow","max-snippet":"max-snippet:-1","max-image-preview":"max-image-preview:large","max-video-preview":"max-video-preview:-1"},"canonical":"https:\/\/myhealth-water.com\/de\/","og_locale":"de_DE","og_type":"article","og_title":"Home Page - My Health Strukturiertes Wasser online Shop","og_description":"Unsere innovative Revitalisierungstechnologie stellt die belebenden und gesundheitsf\u00f6rdernden Eigenschaften des aus dem Boden gef\u00f6rderten Wassers wieder her. Die Eigenschaften sind typisch f\u00fcr das in rei\u00dfenden Str\u00f6men flie\u00dfende, sauerstoffreiche Oberfl\u00e4chenwasser, das dem in den Zellen lebender Organismen enthaltenen Wasser sehr \u00e4hnelt.","og_url":"https:\/\/myhealth-water.com\/de\/","og_site_name":"My Health","article_modified_time":"2020-09-16T11:26:03+00:00","twitter_card":"summary_large_image","twitter_misc":{"Gesch\u00e4tzte Lesezeit":"4\u00a0Minuten"},"schema":{"@context":"https:\/\/schema.org","@graph":[{"@type":"WebPage","@id":"https:\/\/myhealth-water.com\/de\/","url":"https:\/\/myhealth-water.com\/de\/","name":"Home Page - My Health Strukturiertes Wasser online Shop","isPartOf":{"@id":"https:\/\/myhealth-water.com\/de\/#website"},"datePublished":"2020-07-15T13:01:01+00:00","dateModified":"2020-09-16T11:26:03+00:00","description":"Unsere innovative Revitalisierungstechnologie stellt die belebenden und gesundheitsf\u00f6rdernden Eigenschaften des aus dem Boden gef\u00f6rderten Wassers wieder her. Die Eigenschaften sind typisch f\u00fcr das in rei\u00dfenden Str\u00f6men flie\u00dfende, sauerstoffreiche Oberfl\u00e4chenwasser, das dem in den Zellen lebender Organismen enthaltenen Wasser sehr \u00e4hnelt.","breadcrumb":{"@id":"https:\/\/myhealth-water.com\/de\/#breadcrumb"},"inLanguage":"de","potentialAction":[{"@type":"ReadAction","target":["https:\/\/myhealth-water.com\/de\/"]}]},{"@type":"BreadcrumbList","@id":"https:\/\/myhealth-water.com\/de\/#breadcrumb","itemListElement":[{"@type":"ListItem","position":1,"name":"Start","item":"https:\/\/myhealth-water.com\/de\/"},{"@type":"ListItem","position":2,"name":"Home Page"}]},{"@type":"WebSite","@id":"https:\/\/myhealth-water.com\/de\/#website","url":"https:\/\/myhealth-water.com\/de\/","name":"My Health","description":"Kolejna witryna oparta na WordPressie","potentialAction":[{"@type":"SearchAction","target":{"@type":"EntryPoint","urlTemplate":"https:\/\/myhealth-water.com\/de\/?s={search_term_string}"},"query-input":{"@type":"PropertyValueSpecification","valueRequired":true,"valueName":"search_term_string"}}],"inLanguage":"de"}]}},"_links":{"self":[{"href":"https:\/\/myhealth-water.com\/de\/wp-json\/wp\/v2\/pages\/1766","targetHints":{"allow":["GET"]}}],"collection":[{"href":"https:\/\/myhealth-water.com\/de\/wp-json\/wp\/v2\/pages"}],"about":[{"href":"https:\/\/myhealth-water.com\/de\/wp-json\/wp\/v2\/types\/page"}],"author":[{"embeddable":true,"href":"https:\/\/myhealth-water.com\/de\/wp-json\/wp\/v2\/users\/1"}],"replies":[{"embeddable":true,"href":"https:\/\/myhealth-water.com\/de\/wp-json\/wp\/v2\/comments?post=1766"}],"version-history":[{"count":9,"href":"https:\/\/myhealth-water.com\/de\/wp-json\/wp\/v2\/pages\/1766\/revisions"}],"predecessor-version":[{"id":2480,"href":"https:\/\/myhealth-water.com\/de\/wp-json\/wp\/v2\/pages\/1766\/revisions\/2480"}],"wp:attachment":[{"href":"https:\/\/myhealth-water.com\/de\/wp-json\/wp\/v2\/media?parent=1766"}],"curies":[{"name":"wp","href":"https:\/\/api.w.org\/{rel}","templated":true}]}}