{"id":1791,"date":"2020-07-15T15:19:06","date_gmt":"2020-07-15T13:19:06","guid":{"rendered":"http:\/\/myhealth-water.com\/?page_id=1791"},"modified":"2020-07-15T15:19:28","modified_gmt":"2020-07-15T13:19:28","slug":"ueber-das-produkt","status":"publish","type":"page","link":"https:\/\/myhealth-water.com\/de\/ueber-das-produkt\/","title":{"rendered":"\u00dcber das Produkt"},"content":{"rendered":"[vc_row][vc_column][vc_column_text]\n<h3 style=\"line-height: 1.84615; margin-top: 1.71429rem; margin-bottom: 1.71429rem; font-size: 1.14286rem;\"><strong>Strukturiertes Wasser mit hohem Sauerstoffgehalt!<\/strong><\/h3>\n<p><strong>MyHealth <\/strong>ist ein weltweit einzigartiges, biologisch aktives, strukturiertes Wasser, das auf nat\u00fcrliche Weise mit Sauerstoff angereichert wird.<br \/>\nEs stellt eine <strong>Fortsetzung<\/strong> des Forschungsprojekts <strong>G\u00f3rski Potok plus tlen<\/strong> (Gebirgsbach plus Sauerstoff) dar, das mehrere Jahre lang auf gro\u00dfes Interesse bei bewussten Verbrauchern und Gesundheitsfachleuten stie\u00df.<\/p>\n<p>\u00c4hnlich strukturiertes Wasser findet man in der Natur in Gebirgsb\u00e4chen und unter Wasserf\u00e4llen, aber auch in Form von Schneeflocken, Hagelkugeln sowie in Gletschern.<\/p>\n<p>Unsere innovative Revitalisierungstechnologie (basierend auf experimenteller Forschung und einer Lizenz von Prof. Dr.- Ing.\/Princeton (USA) Christian Hechtl) stellt die biologisch belebenden und gesundheitsf\u00f6rdernden Eigenschaften des aus dem Boden gef\u00f6rderten Wassers wieder her. Diese Eigenschaften sind typisch f\u00fcr das in rei\u00dfenden Str\u00f6men flie\u00dfende, sauerstoffreiche Oberfl\u00e4chenwasser, das dem in den Zellen lebender Organismen enthaltenen Wasser sehr \u00e4hnelt.<\/p>\n<p><strong>Physikalisch-chemische Zusammensetzung:<br \/>\n<\/strong>\u2022 Gesamtmineralisation 336 mg\/l<br \/>\n\u2022 pH 7,8<br \/>\n\u2022 Gel\u00f6ster Sauerstoff &gt;20mg\/l<br \/>\n\u2022 Energiewert 0,0 kcal\/l<\/p>\n<table>\n<tbody>\n<tr>\n<td><strong>Kationen<\/strong><\/td>\n<td><strong>mg\/l<\/strong><\/td>\n<\/tr>\n<tr>\n<td>Kalzium Ca2+<\/td>\n<td>69,70<\/td>\n<\/tr>\n<tr>\n<td>Magnesium Mg2+<\/td>\n<td>2,56<\/td>\n<\/tr>\n<tr>\n<td>Natrium Na+<\/td>\n<td>&lt;2,00<\/td>\n<\/tr>\n<tr>\n<td>Kalium K+<\/td>\n<td>\u00a00,49<\/td>\n<\/tr>\n<\/tbody>\n<\/table>\n<table>\n<tbody>\n<tr>\n<td style=\"width: 442px;\"><strong>Anionen<\/strong><\/td>\n<td style=\"width: 160px;\"><strong>mg\/l<\/strong><\/td>\n<\/tr>\n<tr>\n<td style=\"width: 442px;\">Bicarbonat HCO3<\/td>\n<td style=\"width: 160px;\">232,00<\/td>\n<\/tr>\n<tr>\n<td style=\"width: 442px;\">Sulfat SO42<\/td>\n<td style=\"width: 160px;\">11,20<\/td>\n<\/tr>\n<tr>\n<td style=\"width: 442px;\">Chlorid Cl<\/td>\n<td style=\"width: 160px;\">4,20<\/td>\n<\/tr>\n<tr>\n<td style=\"width: 442px;\">Fluorid F<\/td>\n<td style=\"width: 160px;\">0,07<\/td>\n<\/tr>\n<\/tbody>\n<\/table>\n<p style=\"text-align: center;\"><span style=\"font-size: 14pt;\"><strong>Es ist hervorzuheben, dass dieses Produkt keine Ammoniumverbindungen oder Nitrite enth\u00e4lt!<\/strong><\/span><\/p>\n[\/vc_column_text][\/vc_column][\/vc_row]\n","protected":false},"excerpt":{"rendered":"<p>[vc_row][vc_column][vc_column_text] Strukturiertes Wasser mit hohem Sauerstoffgehalt! MyHealth ist ein weltweit einzigartiges, biologisch aktives, strukturiertes Wasser, das auf nat\u00fcrliche Weise mit Sauerstoff angereichert wird. Es stellt eine Fortsetzung des Forschungsprojekts G\u00f3rski Potok plus tlen (Gebirgsbach plus Sauerstoff) dar, das mehrere Jahre lang auf gro\u00dfes Interesse bei bewussten Verbrauchern und Gesundheitsfachleuten stie\u00df.<\/p>\n","protected":false},"author":1,"featured_media":0,"parent":0,"menu_order":0,"comment_status":"closed","ping_status":"closed","template":"","meta":{"footnotes":""},"class_list":["post-1791","page","type-page","status-publish","hentry"],"yoast_head":"<!-- This site is optimized with the Yoast SEO plugin v27.6 - https:\/\/yoast.com\/product\/yoast-seo-wordpress\/ -->\n<title>\u00dcber das Produkt - My Health<\/title>\n<meta name=\"robots\" content=\"index, follow, max-snippet:-1, max-image-preview:large, max-video-preview:-1\" \/>\n<link rel=\"canonical\" href=\"https:\/\/myhealth-water.com\/de\/ueber-das-produkt\/\" \/>\n<meta property=\"og:locale\" content=\"de_DE\" \/>\n<meta property=\"og:type\" content=\"article\" \/>\n<meta property=\"og:title\" content=\"\u00dcber das Produkt - My Health\" \/>\n<meta property=\"og:description\" content=\"[vc_row][vc_column][vc_column_text] Strukturiertes Wasser mit hohem Sauerstoffgehalt! MyHealth ist ein weltweit einzigartiges, biologisch aktives, strukturiertes Wasser, das auf nat\u00fcrliche Weise mit Sauerstoff angereichert wird. Es stellt eine Fortsetzung des Forschungsprojekts G\u00f3rski Potok plus tlen (Gebirgsbach plus Sauerstoff) dar, das mehrere Jahre lang auf gro\u00dfes Interesse bei bewussten Verbrauchern und Gesundheitsfachleuten stie\u00df.\" \/>\n<meta property=\"og:url\" content=\"https:\/\/myhealth-water.com\/de\/ueber-das-produkt\/\" \/>\n<meta property=\"og:site_name\" content=\"My Health\" \/>\n<meta property=\"article:modified_time\" content=\"2020-07-15T13:19:28+00:00\" \/>\n<meta name=\"twitter:card\" content=\"summary_large_image\" \/>\n<meta name=\"twitter:label1\" content=\"Gesch\u00e4tzte Lesezeit\" \/>\n\t<meta name=\"twitter:data1\" content=\"1\u00a0Minute\" \/>\n<script type=\"application\/ld+json\" class=\"yoast-schema-graph\">{\"@context\":\"https:\\\/\\\/schema.org\",\"@graph\":[{\"@type\":\"WebPage\",\"@id\":\"https:\\\/\\\/myhealth-water.com\\\/de\\\/ueber-das-produkt\\\/\",\"url\":\"https:\\\/\\\/myhealth-water.com\\\/de\\\/ueber-das-produkt\\\/\",\"name\":\"\u00dcber das Produkt - My Health\",\"isPartOf\":{\"@id\":\"https:\\\/\\\/myhealth-water.com\\\/de\\\/#website\"},\"datePublished\":\"2020-07-15T13:19:06+00:00\",\"dateModified\":\"2020-07-15T13:19:28+00:00\",\"breadcrumb\":{\"@id\":\"https:\\\/\\\/myhealth-water.com\\\/de\\\/ueber-das-produkt\\\/#breadcrumb\"},\"inLanguage\":\"de\",\"potentialAction\":[{\"@type\":\"ReadAction\",\"target\":[\"https:\\\/\\\/myhealth-water.com\\\/de\\\/ueber-das-produkt\\\/\"]}]},{\"@type\":\"BreadcrumbList\",\"@id\":\"https:\\\/\\\/myhealth-water.com\\\/de\\\/ueber-das-produkt\\\/#breadcrumb\",\"itemListElement\":[{\"@type\":\"ListItem\",\"position\":1,\"name\":\"Start\",\"item\":\"https:\\\/\\\/myhealth-water.com\\\/de\\\/\"},{\"@type\":\"ListItem\",\"position\":2,\"name\":\"\u00dcber das Produkt\"}]},{\"@type\":\"WebSite\",\"@id\":\"https:\\\/\\\/myhealth-water.com\\\/de\\\/#website\",\"url\":\"https:\\\/\\\/myhealth-water.com\\\/de\\\/\",\"name\":\"My Health\",\"description\":\"Kolejna witryna oparta na WordPressie\",\"potentialAction\":[{\"@type\":\"SearchAction\",\"target\":{\"@type\":\"EntryPoint\",\"urlTemplate\":\"https:\\\/\\\/myhealth-water.com\\\/de\\\/?s={search_term_string}\"},\"query-input\":{\"@type\":\"PropertyValueSpecification\",\"valueRequired\":true,\"valueName\":\"search_term_string\"}}],\"inLanguage\":\"de\"}]}<\/script>\n<!-- \/ Yoast SEO plugin. -->","yoast_head_json":{"title":"\u00dcber das Produkt - My Health","robots":{"index":"index","follow":"follow","max-snippet":"max-snippet:-1","max-image-preview":"max-image-preview:large","max-video-preview":"max-video-preview:-1"},"canonical":"https:\/\/myhealth-water.com\/de\/ueber-das-produkt\/","og_locale":"de_DE","og_type":"article","og_title":"\u00dcber das Produkt - My Health","og_description":"[vc_row][vc_column][vc_column_text] Strukturiertes Wasser mit hohem Sauerstoffgehalt! MyHealth ist ein weltweit einzigartiges, biologisch aktives, strukturiertes Wasser, das auf nat\u00fcrliche Weise mit Sauerstoff angereichert wird. Es stellt eine Fortsetzung des Forschungsprojekts G\u00f3rski Potok plus tlen (Gebirgsbach plus Sauerstoff) dar, das mehrere Jahre lang auf gro\u00dfes Interesse bei bewussten Verbrauchern und Gesundheitsfachleuten stie\u00df.","og_url":"https:\/\/myhealth-water.com\/de\/ueber-das-produkt\/","og_site_name":"My Health","article_modified_time":"2020-07-15T13:19:28+00:00","twitter_card":"summary_large_image","twitter_misc":{"Gesch\u00e4tzte Lesezeit":"1\u00a0Minute"},"schema":{"@context":"https:\/\/schema.org","@graph":[{"@type":"WebPage","@id":"https:\/\/myhealth-water.com\/de\/ueber-das-produkt\/","url":"https:\/\/myhealth-water.com\/de\/ueber-das-produkt\/","name":"\u00dcber das Produkt - My Health","isPartOf":{"@id":"https:\/\/myhealth-water.com\/de\/#website"},"datePublished":"2020-07-15T13:19:06+00:00","dateModified":"2020-07-15T13:19:28+00:00","breadcrumb":{"@id":"https:\/\/myhealth-water.com\/de\/ueber-das-produkt\/#breadcrumb"},"inLanguage":"de","potentialAction":[{"@type":"ReadAction","target":["https:\/\/myhealth-water.com\/de\/ueber-das-produkt\/"]}]},{"@type":"BreadcrumbList","@id":"https:\/\/myhealth-water.com\/de\/ueber-das-produkt\/#breadcrumb","itemListElement":[{"@type":"ListItem","position":1,"name":"Start","item":"https:\/\/myhealth-water.com\/de\/"},{"@type":"ListItem","position":2,"name":"\u00dcber das Produkt"}]},{"@type":"WebSite","@id":"https:\/\/myhealth-water.com\/de\/#website","url":"https:\/\/myhealth-water.com\/de\/","name":"My Health","description":"Kolejna witryna oparta na WordPressie","potentialAction":[{"@type":"SearchAction","target":{"@type":"EntryPoint","urlTemplate":"https:\/\/myhealth-water.com\/de\/?s={search_term_string}"},"query-input":{"@type":"PropertyValueSpecification","valueRequired":true,"valueName":"search_term_string"}}],"inLanguage":"de"}]}},"_links":{"self":[{"href":"https:\/\/myhealth-water.com\/de\/wp-json\/wp\/v2\/pages\/1791","targetHints":{"allow":["GET"]}}],"collection":[{"href":"https:\/\/myhealth-water.com\/de\/wp-json\/wp\/v2\/pages"}],"about":[{"href":"https:\/\/myhealth-water.com\/de\/wp-json\/wp\/v2\/types\/page"}],"author":[{"embeddable":true,"href":"https:\/\/myhealth-water.com\/de\/wp-json\/wp\/v2\/users\/1"}],"replies":[{"embeddable":true,"href":"https:\/\/myhealth-water.com\/de\/wp-json\/wp\/v2\/comments?post=1791"}],"version-history":[{"count":2,"href":"https:\/\/myhealth-water.com\/de\/wp-json\/wp\/v2\/pages\/1791\/revisions"}],"predecessor-version":[{"id":1793,"href":"https:\/\/myhealth-water.com\/de\/wp-json\/wp\/v2\/pages\/1791\/revisions\/1793"}],"wp:attachment":[{"href":"https:\/\/myhealth-water.com\/de\/wp-json\/wp\/v2\/media?parent=1791"}],"curies":[{"name":"wp","href":"https:\/\/api.w.org\/{rel}","templated":true}]}}