{"id":1796,"date":"2020-07-15T15:24:02","date_gmt":"2020-07-15T13:24:02","guid":{"rendered":"http:\/\/myhealth-water.com\/?page_id=1796"},"modified":"2020-07-15T15:24:02","modified_gmt":"2020-07-15T13:24:02","slug":"strukturiertes-wasser","status":"publish","type":"page","link":"https:\/\/myhealth-water.com\/de\/ueber-das-produkt\/strukturiertes-wasser\/","title":{"rendered":"Strukturiertes Wasser"},"content":{"rendered":"[vc_row][vc_column][vc_column_text]\n<h2><strong>Dokumentiert durch bisherige Verbraucherbeobachtungen und die Ergebnisse klinischer Studien zu den Eigenschaften von MyHealth-Wasser (ehemals: G\u00f3rski Potok plus tlen (Gebirgsbach plus Sauerstoff)):<\/strong><\/h2>\n<ol>\n<li>hat einen ausgezeichneten Geschmack und l\u00f6scht schnell den Durst<\/li>\n<li>f\u00fchrt schnell zu einer angemessenen Versorgung von Zellen und Geweben des ganzen K\u00f6rpers mit Wasser und verbessert die Parameter von Labortests, insbesondere den Glukose- und LDL-Cholesterinspiegel<\/li>\n<li>unterst\u00fctzt bei der Reduzierung des K\u00f6rpergewichts und der anthropometrischen Parameter (G\u00fcrtelumfang, Oberschenkelumfang)<\/li>\n<li>verbessert die Muskelregeneration nach physischer Anstrengung<\/li>\n<li>reduziert signifikant die H\u00e4ufigkeit und Intensit\u00e4t von Migr\u00e4ne-Kopfschmerzen<\/li>\n<li>verbessert das Aussehen und die Elastizit\u00e4t der Haut, reduziert Schwellungen<\/li>\n<li>beseitigt wirksam die negativen Auswirkungen von Vergiftungen verschiedenen, insbesondere alkoholischen Ursprungs<\/li>\n<li>verbessert signifikant das allgemeine Wohlbefinden sowie einige wichtige physiologische Funktionen einschlie\u00dflich der Schlafqualit\u00e4t<\/li>\n<li>verringert das Gef\u00fchl der M\u00fcdigkeit bei geistiger Arbeit<\/li>\n<li>kann die Entstehung und Entwicklung vieler Zivilisationskrankheiten verhindern.<\/li>\n<\/ol>\n<p><strong>Alle oben genannten Auswirkungen und Anwendungen wurden durch klinische Studien best\u00e4tigt, die von polnischen Fach\u00e4rzten unter der Leitung des damaligen Lehrstuhlinhabers und Leiters der klinischen Abteilung f\u00fcr Innere Medizin, Angiologie und Physikalische Medizin der Schlesischen Medizinischen Universit\u00e4t in Katowice, Prof. Dr. med. Aleksander Siero\u0144, einer weltweit anerkannten Autorit\u00e4t im Bereich der modernen physikalischen Medizin, durchgef\u00fchrt wurden. Die erzielten Ergebnisse wurden in der medizinischen Fachpresse ver\u00f6ffentlicht und auf zahlreichen wissenschaftlichen Konferenzen vorgestellt.<\/strong>[\/vc_column_text][\/vc_column][\/vc_row]\n","protected":false},"excerpt":{"rendered":"<p>[vc_row][vc_column][vc_column_text] Dokumentiert durch bisherige Verbraucherbeobachtungen und die Ergebnisse klinischer Studien zu den Eigenschaften von MyHealth-Wasser (ehemals: G\u00f3rski Potok plus tlen (Gebirgsbach plus Sauerstoff)): hat einen ausgezeichneten Geschmack und l\u00f6scht schnell den Durst f\u00fchrt schnell zu einer angemessenen Versorgung von Zellen und Geweben des ganzen K\u00f6rpers mit Wasser und verbessert die<\/p>\n","protected":false},"author":1,"featured_media":0,"parent":1791,"menu_order":0,"comment_status":"closed","ping_status":"closed","template":"","meta":{"footnotes":""},"class_list":["post-1796","page","type-page","status-publish","hentry"],"yoast_head":"<!-- This site is optimized with the Yoast SEO plugin v27.6 - https:\/\/yoast.com\/product\/yoast-seo-wordpress\/ -->\n<title>Strukturiertes Wasser - My Health<\/title>\n<meta name=\"robots\" content=\"index, follow, max-snippet:-1, max-image-preview:large, max-video-preview:-1\" \/>\n<link rel=\"canonical\" href=\"https:\/\/myhealth-water.com\/de\/ueber-das-produkt\/strukturiertes-wasser\/\" \/>\n<meta property=\"og:locale\" content=\"de_DE\" \/>\n<meta property=\"og:type\" content=\"article\" \/>\n<meta property=\"og:title\" content=\"Strukturiertes Wasser - My Health\" \/>\n<meta property=\"og:description\" content=\"[vc_row][vc_column][vc_column_text] Dokumentiert durch bisherige Verbraucherbeobachtungen und die Ergebnisse klinischer Studien zu den Eigenschaften von MyHealth-Wasser (ehemals: G\u00f3rski Potok plus tlen (Gebirgsbach plus Sauerstoff)): hat einen ausgezeichneten Geschmack und l\u00f6scht schnell den Durst f\u00fchrt schnell zu einer angemessenen Versorgung von Zellen und Geweben des ganzen K\u00f6rpers mit Wasser und verbessert die\" \/>\n<meta property=\"og:url\" content=\"https:\/\/myhealth-water.com\/de\/ueber-das-produkt\/strukturiertes-wasser\/\" \/>\n<meta property=\"og:site_name\" content=\"My Health\" \/>\n<meta name=\"twitter:card\" content=\"summary_large_image\" \/>\n<meta name=\"twitter:label1\" content=\"Gesch\u00e4tzte Lesezeit\" \/>\n\t<meta name=\"twitter:data1\" content=\"1\u00a0Minute\" \/>\n<script type=\"application\/ld+json\" class=\"yoast-schema-graph\">{\"@context\":\"https:\\\/\\\/schema.org\",\"@graph\":[{\"@type\":\"WebPage\",\"@id\":\"https:\\\/\\\/myhealth-water.com\\\/de\\\/ueber-das-produkt\\\/strukturiertes-wasser\\\/\",\"url\":\"https:\\\/\\\/myhealth-water.com\\\/de\\\/ueber-das-produkt\\\/strukturiertes-wasser\\\/\",\"name\":\"Strukturiertes Wasser - My Health\",\"isPartOf\":{\"@id\":\"https:\\\/\\\/myhealth-water.com\\\/de\\\/#website\"},\"datePublished\":\"2020-07-15T13:24:02+00:00\",\"breadcrumb\":{\"@id\":\"https:\\\/\\\/myhealth-water.com\\\/de\\\/ueber-das-produkt\\\/strukturiertes-wasser\\\/#breadcrumb\"},\"inLanguage\":\"de\",\"potentialAction\":[{\"@type\":\"ReadAction\",\"target\":[\"https:\\\/\\\/myhealth-water.com\\\/de\\\/ueber-das-produkt\\\/strukturiertes-wasser\\\/\"]}]},{\"@type\":\"BreadcrumbList\",\"@id\":\"https:\\\/\\\/myhealth-water.com\\\/de\\\/ueber-das-produkt\\\/strukturiertes-wasser\\\/#breadcrumb\",\"itemListElement\":[{\"@type\":\"ListItem\",\"position\":1,\"name\":\"Start\",\"item\":\"https:\\\/\\\/myhealth-water.com\\\/de\\\/\"},{\"@type\":\"ListItem\",\"position\":2,\"name\":\"\u00dcber das Produkt\",\"item\":\"https:\\\/\\\/myhealth-water.com\\\/de\\\/ueber-das-produkt\\\/\"},{\"@type\":\"ListItem\",\"position\":3,\"name\":\"Strukturiertes Wasser\"}]},{\"@type\":\"WebSite\",\"@id\":\"https:\\\/\\\/myhealth-water.com\\\/de\\\/#website\",\"url\":\"https:\\\/\\\/myhealth-water.com\\\/de\\\/\",\"name\":\"My Health\",\"description\":\"Kolejna witryna oparta na WordPressie\",\"potentialAction\":[{\"@type\":\"SearchAction\",\"target\":{\"@type\":\"EntryPoint\",\"urlTemplate\":\"https:\\\/\\\/myhealth-water.com\\\/de\\\/?s={search_term_string}\"},\"query-input\":{\"@type\":\"PropertyValueSpecification\",\"valueRequired\":true,\"valueName\":\"search_term_string\"}}],\"inLanguage\":\"de\"}]}<\/script>\n<!-- \/ Yoast SEO plugin. -->","yoast_head_json":{"title":"Strukturiertes Wasser - My Health","robots":{"index":"index","follow":"follow","max-snippet":"max-snippet:-1","max-image-preview":"max-image-preview:large","max-video-preview":"max-video-preview:-1"},"canonical":"https:\/\/myhealth-water.com\/de\/ueber-das-produkt\/strukturiertes-wasser\/","og_locale":"de_DE","og_type":"article","og_title":"Strukturiertes Wasser - My Health","og_description":"[vc_row][vc_column][vc_column_text] Dokumentiert durch bisherige Verbraucherbeobachtungen und die Ergebnisse klinischer Studien zu den Eigenschaften von MyHealth-Wasser (ehemals: G\u00f3rski Potok plus tlen (Gebirgsbach plus Sauerstoff)): hat einen ausgezeichneten Geschmack und l\u00f6scht schnell den Durst f\u00fchrt schnell zu einer angemessenen Versorgung von Zellen und Geweben des ganzen K\u00f6rpers mit Wasser und verbessert die","og_url":"https:\/\/myhealth-water.com\/de\/ueber-das-produkt\/strukturiertes-wasser\/","og_site_name":"My Health","twitter_card":"summary_large_image","twitter_misc":{"Gesch\u00e4tzte Lesezeit":"1\u00a0Minute"},"schema":{"@context":"https:\/\/schema.org","@graph":[{"@type":"WebPage","@id":"https:\/\/myhealth-water.com\/de\/ueber-das-produkt\/strukturiertes-wasser\/","url":"https:\/\/myhealth-water.com\/de\/ueber-das-produkt\/strukturiertes-wasser\/","name":"Strukturiertes Wasser - My Health","isPartOf":{"@id":"https:\/\/myhealth-water.com\/de\/#website"},"datePublished":"2020-07-15T13:24:02+00:00","breadcrumb":{"@id":"https:\/\/myhealth-water.com\/de\/ueber-das-produkt\/strukturiertes-wasser\/#breadcrumb"},"inLanguage":"de","potentialAction":[{"@type":"ReadAction","target":["https:\/\/myhealth-water.com\/de\/ueber-das-produkt\/strukturiertes-wasser\/"]}]},{"@type":"BreadcrumbList","@id":"https:\/\/myhealth-water.com\/de\/ueber-das-produkt\/strukturiertes-wasser\/#breadcrumb","itemListElement":[{"@type":"ListItem","position":1,"name":"Start","item":"https:\/\/myhealth-water.com\/de\/"},{"@type":"ListItem","position":2,"name":"\u00dcber das Produkt","item":"https:\/\/myhealth-water.com\/de\/ueber-das-produkt\/"},{"@type":"ListItem","position":3,"name":"Strukturiertes Wasser"}]},{"@type":"WebSite","@id":"https:\/\/myhealth-water.com\/de\/#website","url":"https:\/\/myhealth-water.com\/de\/","name":"My Health","description":"Kolejna witryna oparta na WordPressie","potentialAction":[{"@type":"SearchAction","target":{"@type":"EntryPoint","urlTemplate":"https:\/\/myhealth-water.com\/de\/?s={search_term_string}"},"query-input":{"@type":"PropertyValueSpecification","valueRequired":true,"valueName":"search_term_string"}}],"inLanguage":"de"}]}},"_links":{"self":[{"href":"https:\/\/myhealth-water.com\/de\/wp-json\/wp\/v2\/pages\/1796","targetHints":{"allow":["GET"]}}],"collection":[{"href":"https:\/\/myhealth-water.com\/de\/wp-json\/wp\/v2\/pages"}],"about":[{"href":"https:\/\/myhealth-water.com\/de\/wp-json\/wp\/v2\/types\/page"}],"author":[{"embeddable":true,"href":"https:\/\/myhealth-water.com\/de\/wp-json\/wp\/v2\/users\/1"}],"replies":[{"embeddable":true,"href":"https:\/\/myhealth-water.com\/de\/wp-json\/wp\/v2\/comments?post=1796"}],"version-history":[{"count":1,"href":"https:\/\/myhealth-water.com\/de\/wp-json\/wp\/v2\/pages\/1796\/revisions"}],"predecessor-version":[{"id":1797,"href":"https:\/\/myhealth-water.com\/de\/wp-json\/wp\/v2\/pages\/1796\/revisions\/1797"}],"up":[{"embeddable":true,"href":"https:\/\/myhealth-water.com\/de\/wp-json\/wp\/v2\/pages\/1791"}],"wp:attachment":[{"href":"https:\/\/myhealth-water.com\/de\/wp-json\/wp\/v2\/media?parent=1796"}],"curies":[{"name":"wp","href":"https:\/\/api.w.org\/{rel}","templated":true}]}}