{"id":1802,"date":"2020-07-15T15:34:18","date_gmt":"2020-07-15T13:34:18","guid":{"rendered":"http:\/\/myhealth-water.com\/?page_id=1802"},"modified":"2020-07-15T15:34:18","modified_gmt":"2020-07-15T13:34:18","slug":"studien-und-beobachtungen","status":"publish","type":"page","link":"https:\/\/myhealth-water.com\/de\/ueber-das-produkt\/studien-und-beobachtungen\/","title":{"rendered":"Studien und Beobachtungen"},"content":{"rendered":"[vc_row][vc_column][vc_column_text]\n<h2>\u00dcberblick \u00fcber die Entwicklung der Forschung \u00fcber die biologische Aktivit\u00e4t von strukturiertem Wasser, das auf nat\u00fcrliche Weise mit Sauerstoff angereichert ist (bisher auftretend unter der Marke: G\u00f3rski Potok plus tlen (Gebirgsbach plus Sauerstoff))<\/h2>\n<p>Angeregt durch wenige ver\u00f6ffentlichte Berichte und pers\u00f6nliche Berichte deutscher Verbraucher von nat\u00fcrlich mit Sauerstoff angereichertem Wasser beschlossen wir, mit wissenschaftlich anerkannten Methoden die tats\u00e4chlichen Auswirkungen des regelm\u00e4\u00dfigen Verzehrs eines solchen Produktes auf physiologische Funktionen und Stoffwechselparameter des menschlichen K\u00f6rpers zu testen.<\/p>\n<p>Unter der Leitung von Herrn Prof. Dr.- Ing.\/Princeton (USA) Christian Hechtl, einem hervorragenden Wissenschaftler und Erfinder,\u00a0 mit einem innovativen Beitrag des polnischen technischen Denkens und medizinischen Wissens und basierend auf den Gesetzen der Quantenphysik wurde im Jahr 2010 der komplexe Prototyp einer wissenschaftlichen Forschungsanlage zur Strukturierung und S\u00e4ttigung von Lebensmittelwasser (sowohl Quell- als auch Mineralwasser) mit geringem Produktionspotential konstruiert.<\/p>\n<p>In den Jahren 2011-2012 wurden unter der Leitung von Herrn Prof. Aleksander Siero\u0144 \u2013 damals Lehrstuhlinhaber und Leiter der klinischen Abteilung f\u00fcr Innere Medizin, Angiologie<br \/>\nund Physikalische Medizin der Schlesischen Medizinischen Universit\u00e4t in Katowice \u2013 die ersten randomisierten medizinischen Beobachtungen \u00fcber die Auswirkungen dieses Wassers auf den Organismus von Personen durchgef\u00fchrt, die sich im Sanatorium zu Rehabilitationsbehandlungen aufgrund von Muskel- und Skelett-Erkrankungen aufhielten. Sie konsumierten 3-4 Wochen lang t\u00e4glich mindestens 1,5 Liter strukturiertes Wasser mit erh\u00f6htem Sauerstoffgehalt (einige Personen bis zu 2,5 Liter pro Tag) sowie Kaffee, Tee oder sogar Bier nach Belieben. Sowohl bei Kurg\u00e4sten, die strukturiertes Wasser (Studiengruppe = 51 Personen) als auch gew\u00f6hnliches Wasser aus derselben Quelle (Kontrollgruppe = 41 Personen) einnahmen, wurden einige positive Ver\u00e4nderungen des Wohlbefindens beobachtet, die auf eine gute Versorgung des K\u00f6rpers mit Wasser zur\u00fcckzuf\u00fchren sind. \u2013 Dar\u00fcber hinaus wurde bei den Probanden der Studiengruppe eine signifikante Verbesserung einer Reihe von physiologischen Funktionen (Schlaf, Stuhlgang, Blasenentleerung, k\u00f6rperlicher und geistiger Zustand) sowie eine h\u00f6here schmerzstillende Wirksamkeit der durchgef\u00fchrten Rehabilitation beobachtet. Gleichzeitig wurde bei diesen Menschen eine deutliche Tendenz zur Verringerung des K\u00f6rpergewichts und des G\u00fcrtelumfangs festgestellt \u2013 obwohl alle Kurg\u00e4ste die gleiche kalorienreiche Ern\u00e4hrung zu sich nahmen. Die spektakul\u00e4rsten Ver\u00e4nderungen wurden jedoch bei objektiven Labor-Blutuntersuchungen festgestellt, bei denen es zu einer statistisch signifikanten Abnahme des Gesamtcholesterins und seiner pathogenen LDL-Fraktion sowie zu einer signifikanten, g\u00fcnstigen Abnahme des Zuckerspiegels kam.<\/p>\n<p>Um diese sensationellen Beobachtungen zu best\u00e4tigen, wurden in den Jahren 2013-2014 \u2013 dank des gro\u00dfen Interesses und Entgegenkommens seitens des Vorstands der Kompania W\u0119glowa S.A.\u00a0 \u2013 umfangreiche Untersuchungen unter den Bergleuten des Bergwerks Knur\u00f3w-Szczyg\u0142owice durchgef\u00fchrt, die letztlich eine Gruppe von \u00fcber 5900 Personen umfassten. Aus dieser Zahl wurden etwa 200 M\u00e4nner mit einer \u00e4hnlichen quantitativen Repr\u00e4sentation in zwei verschiedenen Altersgruppen (bis 36 Jahre und dar\u00fcber) ausgew\u00e4hlt, die einen Querschnitt durch fast alle Arbeitspl\u00e4tze mit unterschiedlich starken Einwirkungen so ung\u00fcnstiger Arbeitsbedingungen wie Stress, physische Anstrengung, Staub und hohe Temperaturen darstellten. \u2013 Blutanalysen und medizinische Untersuchungen, die nach 3 und 12 Monaten regelm\u00e4\u00dfiger t\u00e4glicher Einnahme von 1,5 &#8211; 3 Litern strukturierten Wassers mit erh\u00f6htem Sauerstoffgehalt durchgef\u00fchrt wurden. Sie wurden mit identischen, aber fr\u00fcher durchgef\u00fchrten Untersuchungen verglichen (als noch die auf Mineralwassermarkt\u00a0 gesch\u00e4tzte Marke \u201eJurajska\u201d von den Bergleuten getrunken wurde) und best\u00e4tigten den bisher unter Kurbedingungen beobachteten gesundheitsf\u00f6rdernden Trend. Besonderes Augenmerk sollte nicht nur auf die Verringerung des Spiegels des so genannten\u00a0\u00a0 \u201eb\u00f6sen\u201d LDL-Cholesterins, das die Prozesse der Arterienverkalkung beschleunigt, gelegt werden, sondern vor allem auf den Anstieg des HDL-Cholesterins, das eine Schutzfunktion aus\u00fcbt und<strong> sowohl Arterienverkalkung als auch Herzinfarkten vorbeugt!!!<\/strong> Im Zusammenhang mit diesem wichtigen, gesundheitsf\u00f6rdernden Trend \u2013 obwohl anf\u00e4nglich das Risiko eines vorzeitigen Herzinfarktes bereits <strong>62%<\/strong> aller untersuchten Personen betraf \u2013 konnte diese Zahl nach nur 3 Monaten regelm\u00e4\u00dfigen Trinkens von strukturiertem Wasser mit erh\u00f6htem Sauerstoffgehalt auf nur <strong>14%<\/strong> der Bergleute reduziert werden!\u00a0 \u2013 Dar\u00fcber hinaus wurde ein g\u00fcnstiger Trend bei der Senkung sowohl des systolischen als auch des diastolischen Blutdrucks beobachtet, und zwar auf oder nahe dem um 9-11 mm Hg schwankenden Niveau, unabh\u00e4ngig von der Tatsache, dass zus\u00e4tzliche Medikamente parallel eingenommen wurden. Man konnte auch (bei USG-Untersuchungen) einen R\u00fcckgang von Nierensteinerkrankungen sowie die Verkleinerung der Ma\u00dfe einer vergr\u00f6\u00dferten Leber beobachten, wobei dieses Symptom in der Regel auf den Konsum erheblicher Biermengen in dieser Berufsgruppe zur\u00fcckzuf\u00fchren ist.<\/p>\n<p>Pers\u00f6nliche Befragungen, die im Rahmen dieser Studien bei den Testpersonen durchgef\u00fchrt wurden, haben ebenfalls eine deutliche Beschleunigung des Stoffwechsels des konsumierten Alkohols gezeigt, mit fast keinen von den sehr belastenden Folgen seiner Wirkung am Tag nach seinem Konsum, die umgangssprachlich als \u201eKater\u201d bezeichnet werden. \u2013 Dies liefert zus\u00e4tzliche Beweise f\u00fcr die g\u00fcnstige <strong>Beschleunigung von Stoffwechsel- und Entgiftungsprozessen in der Leber<\/strong>, die bei der Einnahme des strukturierten Wassers reichlich mit physikalisch gel\u00f6stem Sauerstoff versorgt wird.<\/p>\n<p>Dar\u00fcber hinaus hatten viele der \u00fcber 36 Jahre alten M\u00e4nner auch die Gelegenheit, eine spektakul\u00e4re Verbesserung ihrer sexuellen Leistungsf\u00e4higkeit zu beobachten.<\/p>\n<p>Dieses Produkt wurde auch von einer Vielzahl von Privatpatienten einer mit dem Unternehmen kooperierenden Arztpraxis konsumiert. \u2013 Ihre Beobachtungen und Bemerkungen zu den Qualit\u00e4ten dieses Wassers betreffen vor allem den guten Geschmack, eine bessere psychische und physische Verfassung, das Verschwinden von Verstopfungen und Bl\u00e4hungen, die Regulierung beeintr\u00e4chtigter physiologischer Nierenfunktionen sowie die Verbesserung von Lebertests, des Cholesterin- und Blutzuckerspiegels.<\/p>\n<p style=\"text-align: right;\">Dr. med. Krzysztof Majewski<\/p>\n[\/vc_column_text][\/vc_column][\/vc_row]\n","protected":false},"excerpt":{"rendered":"<p>[vc_row][vc_column][vc_column_text] \u00dcberblick \u00fcber die Entwicklung der Forschung \u00fcber die biologische Aktivit\u00e4t von strukturiertem Wasser, das auf nat\u00fcrliche Weise mit Sauerstoff angereichert ist (bisher auftretend unter der Marke: G\u00f3rski Potok plus tlen (Gebirgsbach plus Sauerstoff)) Angeregt durch wenige ver\u00f6ffentlichte Berichte und pers\u00f6nliche Berichte deutscher Verbraucher von nat\u00fcrlich mit Sauerstoff angereichertem Wasser<\/p>\n","protected":false},"author":1,"featured_media":0,"parent":1791,"menu_order":0,"comment_status":"closed","ping_status":"closed","template":"","meta":{"footnotes":""},"class_list":["post-1802","page","type-page","status-publish","hentry"],"yoast_head":"<!-- This site is optimized with the Yoast SEO plugin v27.6 - https:\/\/yoast.com\/product\/yoast-seo-wordpress\/ -->\n<title>Studien und Beobachtungen - My Health<\/title>\n<meta name=\"robots\" content=\"index, follow, max-snippet:-1, max-image-preview:large, max-video-preview:-1\" \/>\n<link rel=\"canonical\" href=\"https:\/\/myhealth-water.com\/de\/ueber-das-produkt\/studien-und-beobachtungen\/\" \/>\n<meta property=\"og:locale\" content=\"de_DE\" \/>\n<meta property=\"og:type\" content=\"article\" \/>\n<meta property=\"og:title\" content=\"Studien und Beobachtungen - My Health\" \/>\n<meta property=\"og:description\" content=\"[vc_row][vc_column][vc_column_text] \u00dcberblick \u00fcber die Entwicklung der Forschung \u00fcber die biologische Aktivit\u00e4t von strukturiertem Wasser, das auf nat\u00fcrliche Weise mit Sauerstoff angereichert ist (bisher auftretend unter der Marke: G\u00f3rski Potok plus tlen (Gebirgsbach plus Sauerstoff)) Angeregt durch wenige ver\u00f6ffentlichte Berichte und pers\u00f6nliche Berichte deutscher Verbraucher von nat\u00fcrlich mit Sauerstoff angereichertem Wasser\" \/>\n<meta property=\"og:url\" content=\"https:\/\/myhealth-water.com\/de\/ueber-das-produkt\/studien-und-beobachtungen\/\" \/>\n<meta property=\"og:site_name\" content=\"My Health\" \/>\n<meta name=\"twitter:card\" content=\"summary_large_image\" \/>\n<meta name=\"twitter:label1\" content=\"Gesch\u00e4tzte Lesezeit\" \/>\n\t<meta name=\"twitter:data1\" content=\"4\u00a0Minuten\" \/>\n<script type=\"application\/ld+json\" class=\"yoast-schema-graph\">{\"@context\":\"https:\\\/\\\/schema.org\",\"@graph\":[{\"@type\":\"WebPage\",\"@id\":\"https:\\\/\\\/myhealth-water.com\\\/de\\\/ueber-das-produkt\\\/studien-und-beobachtungen\\\/\",\"url\":\"https:\\\/\\\/myhealth-water.com\\\/de\\\/ueber-das-produkt\\\/studien-und-beobachtungen\\\/\",\"name\":\"Studien und Beobachtungen - My Health\",\"isPartOf\":{\"@id\":\"https:\\\/\\\/myhealth-water.com\\\/de\\\/#website\"},\"datePublished\":\"2020-07-15T13:34:18+00:00\",\"breadcrumb\":{\"@id\":\"https:\\\/\\\/myhealth-water.com\\\/de\\\/ueber-das-produkt\\\/studien-und-beobachtungen\\\/#breadcrumb\"},\"inLanguage\":\"de\",\"potentialAction\":[{\"@type\":\"ReadAction\",\"target\":[\"https:\\\/\\\/myhealth-water.com\\\/de\\\/ueber-das-produkt\\\/studien-und-beobachtungen\\\/\"]}]},{\"@type\":\"BreadcrumbList\",\"@id\":\"https:\\\/\\\/myhealth-water.com\\\/de\\\/ueber-das-produkt\\\/studien-und-beobachtungen\\\/#breadcrumb\",\"itemListElement\":[{\"@type\":\"ListItem\",\"position\":1,\"name\":\"Start\",\"item\":\"https:\\\/\\\/myhealth-water.com\\\/de\\\/\"},{\"@type\":\"ListItem\",\"position\":2,\"name\":\"\u00dcber das Produkt\",\"item\":\"https:\\\/\\\/myhealth-water.com\\\/de\\\/ueber-das-produkt\\\/\"},{\"@type\":\"ListItem\",\"position\":3,\"name\":\"Studien und Beobachtungen\"}]},{\"@type\":\"WebSite\",\"@id\":\"https:\\\/\\\/myhealth-water.com\\\/de\\\/#website\",\"url\":\"https:\\\/\\\/myhealth-water.com\\\/de\\\/\",\"name\":\"My Health\",\"description\":\"Kolejna witryna oparta na WordPressie\",\"potentialAction\":[{\"@type\":\"SearchAction\",\"target\":{\"@type\":\"EntryPoint\",\"urlTemplate\":\"https:\\\/\\\/myhealth-water.com\\\/de\\\/?s={search_term_string}\"},\"query-input\":{\"@type\":\"PropertyValueSpecification\",\"valueRequired\":true,\"valueName\":\"search_term_string\"}}],\"inLanguage\":\"de\"}]}<\/script>\n<!-- \/ Yoast SEO plugin. -->","yoast_head_json":{"title":"Studien und Beobachtungen - My Health","robots":{"index":"index","follow":"follow","max-snippet":"max-snippet:-1","max-image-preview":"max-image-preview:large","max-video-preview":"max-video-preview:-1"},"canonical":"https:\/\/myhealth-water.com\/de\/ueber-das-produkt\/studien-und-beobachtungen\/","og_locale":"de_DE","og_type":"article","og_title":"Studien und Beobachtungen - My Health","og_description":"[vc_row][vc_column][vc_column_text] \u00dcberblick \u00fcber die Entwicklung der Forschung \u00fcber die biologische Aktivit\u00e4t von strukturiertem Wasser, das auf nat\u00fcrliche Weise mit Sauerstoff angereichert ist (bisher auftretend unter der Marke: G\u00f3rski Potok plus tlen (Gebirgsbach plus Sauerstoff)) Angeregt durch wenige ver\u00f6ffentlichte Berichte und pers\u00f6nliche Berichte deutscher Verbraucher von nat\u00fcrlich mit Sauerstoff angereichertem Wasser","og_url":"https:\/\/myhealth-water.com\/de\/ueber-das-produkt\/studien-und-beobachtungen\/","og_site_name":"My Health","twitter_card":"summary_large_image","twitter_misc":{"Gesch\u00e4tzte Lesezeit":"4\u00a0Minuten"},"schema":{"@context":"https:\/\/schema.org","@graph":[{"@type":"WebPage","@id":"https:\/\/myhealth-water.com\/de\/ueber-das-produkt\/studien-und-beobachtungen\/","url":"https:\/\/myhealth-water.com\/de\/ueber-das-produkt\/studien-und-beobachtungen\/","name":"Studien und Beobachtungen - My Health","isPartOf":{"@id":"https:\/\/myhealth-water.com\/de\/#website"},"datePublished":"2020-07-15T13:34:18+00:00","breadcrumb":{"@id":"https:\/\/myhealth-water.com\/de\/ueber-das-produkt\/studien-und-beobachtungen\/#breadcrumb"},"inLanguage":"de","potentialAction":[{"@type":"ReadAction","target":["https:\/\/myhealth-water.com\/de\/ueber-das-produkt\/studien-und-beobachtungen\/"]}]},{"@type":"BreadcrumbList","@id":"https:\/\/myhealth-water.com\/de\/ueber-das-produkt\/studien-und-beobachtungen\/#breadcrumb","itemListElement":[{"@type":"ListItem","position":1,"name":"Start","item":"https:\/\/myhealth-water.com\/de\/"},{"@type":"ListItem","position":2,"name":"\u00dcber das Produkt","item":"https:\/\/myhealth-water.com\/de\/ueber-das-produkt\/"},{"@type":"ListItem","position":3,"name":"Studien und Beobachtungen"}]},{"@type":"WebSite","@id":"https:\/\/myhealth-water.com\/de\/#website","url":"https:\/\/myhealth-water.com\/de\/","name":"My Health","description":"Kolejna witryna oparta na WordPressie","potentialAction":[{"@type":"SearchAction","target":{"@type":"EntryPoint","urlTemplate":"https:\/\/myhealth-water.com\/de\/?s={search_term_string}"},"query-input":{"@type":"PropertyValueSpecification","valueRequired":true,"valueName":"search_term_string"}}],"inLanguage":"de"}]}},"_links":{"self":[{"href":"https:\/\/myhealth-water.com\/de\/wp-json\/wp\/v2\/pages\/1802","targetHints":{"allow":["GET"]}}],"collection":[{"href":"https:\/\/myhealth-water.com\/de\/wp-json\/wp\/v2\/pages"}],"about":[{"href":"https:\/\/myhealth-water.com\/de\/wp-json\/wp\/v2\/types\/page"}],"author":[{"embeddable":true,"href":"https:\/\/myhealth-water.com\/de\/wp-json\/wp\/v2\/users\/1"}],"replies":[{"embeddable":true,"href":"https:\/\/myhealth-water.com\/de\/wp-json\/wp\/v2\/comments?post=1802"}],"version-history":[{"count":2,"href":"https:\/\/myhealth-water.com\/de\/wp-json\/wp\/v2\/pages\/1802\/revisions"}],"predecessor-version":[{"id":1804,"href":"https:\/\/myhealth-water.com\/de\/wp-json\/wp\/v2\/pages\/1802\/revisions\/1804"}],"up":[{"embeddable":true,"href":"https:\/\/myhealth-water.com\/de\/wp-json\/wp\/v2\/pages\/1791"}],"wp:attachment":[{"href":"https:\/\/myhealth-water.com\/de\/wp-json\/wp\/v2\/media?parent=1802"}],"curies":[{"name":"wp","href":"https:\/\/api.w.org\/{rel}","templated":true}]}}