{"id":1820,"date":"2020-07-15T15:38:11","date_gmt":"2020-07-15T13:38:11","guid":{"rendered":"http:\/\/myhealth-water.com\/?page_id=1820"},"modified":"2023-07-19T13:51:32","modified_gmt":"2023-07-19T11:51:32","slug":"publikationen-und-literatur","status":"publish","type":"page","link":"https:\/\/myhealth-water.com\/de\/ueber-das-produkt\/publikationen-und-literatur\/","title":{"rendered":"Publikationen und Literatur"},"content":{"rendered":"[vc_row][vc_column][vc_column_text]\n<h2>Lesen Sie es:<\/h2>\n<h3><a href=\"http:\/\/myhealth-water.com\/wp-content\/uploads\/2020\/02\/Ocena-wp\u0142ywu-min.pdf\">Vorl\u00e4ufige Bewertung des Einflusses der Behandlung mit sauerstoffhaltigem Wasser auf ausgew\u00e4hlte Stoffwechselparameter und menschliche K\u00f6rperfunktionen<\/a><\/h3>\n<h3><a href=\"http:\/\/myhealth-water.com\/wp-content\/uploads\/2020\/07\/ocena-wp\u0142ywu-DE.pdf\">Bewertung der Auswirkungen eines regelm\u00e4\u00dfigen Verzehrs von strukturiertem Wasser, das nat\u00fcrlich mit Sauerstoff angereichert ist&#8230;<\/a><\/h3>\n<h3><a href=\"http:\/\/myhealth-water.com\/wp-content\/uploads\/2023\/07\/Oxygen-and-Air-Nanobubble-Water-Solution_Promote-the.pdf\">Oxygen and Air Nanobubble Water Solution_Promote the<\/a>&#8230;<\/h3>\n[\/vc_column_text][\/vc_column][\/vc_row]\n","protected":false},"excerpt":{"rendered":"<p>[vc_row][vc_column][vc_column_text] Lesen Sie es: Vorl\u00e4ufige Bewertung des Einflusses der Behandlung mit sauerstoffhaltigem Wasser auf ausgew\u00e4hlte Stoffwechselparameter und menschliche K\u00f6rperfunktionen Bewertung der Auswirkungen eines regelm\u00e4\u00dfigen Verzehrs von strukturiertem Wasser, das nat\u00fcrlich mit Sauerstoff angereichert ist&#8230; Oxygen and Air Nanobubble Water Solution_Promote the&#8230; [\/vc_column_text][\/vc_column][\/vc_row]<\/p>\n","protected":false},"author":1,"featured_media":0,"parent":1791,"menu_order":0,"comment_status":"closed","ping_status":"closed","template":"","meta":{"footnotes":""},"class_list":["post-1820","page","type-page","status-publish","hentry"],"yoast_head":"<!-- This site is optimized with the Yoast SEO plugin v27.6 - https:\/\/yoast.com\/product\/yoast-seo-wordpress\/ -->\n<title>Publikationen und Literatur - My Health<\/title>\n<meta name=\"robots\" content=\"index, follow, max-snippet:-1, max-image-preview:large, max-video-preview:-1\" \/>\n<link rel=\"canonical\" href=\"https:\/\/myhealth-water.com\/de\/ueber-das-produkt\/publikationen-und-literatur\/\" \/>\n<meta property=\"og:locale\" content=\"de_DE\" \/>\n<meta property=\"og:type\" content=\"article\" \/>\n<meta property=\"og:title\" content=\"Publikationen und Literatur - My Health\" \/>\n<meta property=\"og:description\" content=\"[vc_row][vc_column][vc_column_text] Lesen Sie es: Vorl\u00e4ufige Bewertung des Einflusses der Behandlung mit sauerstoffhaltigem Wasser auf ausgew\u00e4hlte Stoffwechselparameter und menschliche K\u00f6rperfunktionen Bewertung der Auswirkungen eines regelm\u00e4\u00dfigen Verzehrs von strukturiertem Wasser, das nat\u00fcrlich mit Sauerstoff angereichert ist&#8230; Oxygen and Air Nanobubble Water Solution_Promote the&#8230; [\/vc_column_text][\/vc_column][\/vc_row]\" \/>\n<meta property=\"og:url\" content=\"https:\/\/myhealth-water.com\/de\/ueber-das-produkt\/publikationen-und-literatur\/\" \/>\n<meta property=\"og:site_name\" content=\"My Health\" \/>\n<meta property=\"article:modified_time\" content=\"2023-07-19T11:51:32+00:00\" \/>\n<meta name=\"twitter:card\" content=\"summary_large_image\" \/>\n<script type=\"application\/ld+json\" class=\"yoast-schema-graph\">{\"@context\":\"https:\\\/\\\/schema.org\",\"@graph\":[{\"@type\":\"WebPage\",\"@id\":\"https:\\\/\\\/myhealth-water.com\\\/de\\\/ueber-das-produkt\\\/publikationen-und-literatur\\\/\",\"url\":\"https:\\\/\\\/myhealth-water.com\\\/de\\\/ueber-das-produkt\\\/publikationen-und-literatur\\\/\",\"name\":\"Publikationen und Literatur - My Health\",\"isPartOf\":{\"@id\":\"https:\\\/\\\/myhealth-water.com\\\/de\\\/#website\"},\"datePublished\":\"2020-07-15T13:38:11+00:00\",\"dateModified\":\"2023-07-19T11:51:32+00:00\",\"breadcrumb\":{\"@id\":\"https:\\\/\\\/myhealth-water.com\\\/de\\\/ueber-das-produkt\\\/publikationen-und-literatur\\\/#breadcrumb\"},\"inLanguage\":\"de\",\"potentialAction\":[{\"@type\":\"ReadAction\",\"target\":[\"https:\\\/\\\/myhealth-water.com\\\/de\\\/ueber-das-produkt\\\/publikationen-und-literatur\\\/\"]}]},{\"@type\":\"BreadcrumbList\",\"@id\":\"https:\\\/\\\/myhealth-water.com\\\/de\\\/ueber-das-produkt\\\/publikationen-und-literatur\\\/#breadcrumb\",\"itemListElement\":[{\"@type\":\"ListItem\",\"position\":1,\"name\":\"Start\",\"item\":\"https:\\\/\\\/myhealth-water.com\\\/de\\\/\"},{\"@type\":\"ListItem\",\"position\":2,\"name\":\"\u00dcber das Produkt\",\"item\":\"https:\\\/\\\/myhealth-water.com\\\/de\\\/ueber-das-produkt\\\/\"},{\"@type\":\"ListItem\",\"position\":3,\"name\":\"Publikationen und Literatur\"}]},{\"@type\":\"WebSite\",\"@id\":\"https:\\\/\\\/myhealth-water.com\\\/de\\\/#website\",\"url\":\"https:\\\/\\\/myhealth-water.com\\\/de\\\/\",\"name\":\"My Health\",\"description\":\"Kolejna witryna oparta na WordPressie\",\"potentialAction\":[{\"@type\":\"SearchAction\",\"target\":{\"@type\":\"EntryPoint\",\"urlTemplate\":\"https:\\\/\\\/myhealth-water.com\\\/de\\\/?s={search_term_string}\"},\"query-input\":{\"@type\":\"PropertyValueSpecification\",\"valueRequired\":true,\"valueName\":\"search_term_string\"}}],\"inLanguage\":\"de\"}]}<\/script>\n<!-- \/ Yoast SEO plugin. -->","yoast_head_json":{"title":"Publikationen und Literatur - My Health","robots":{"index":"index","follow":"follow","max-snippet":"max-snippet:-1","max-image-preview":"max-image-preview:large","max-video-preview":"max-video-preview:-1"},"canonical":"https:\/\/myhealth-water.com\/de\/ueber-das-produkt\/publikationen-und-literatur\/","og_locale":"de_DE","og_type":"article","og_title":"Publikationen und Literatur - My Health","og_description":"[vc_row][vc_column][vc_column_text] Lesen Sie es: Vorl\u00e4ufige Bewertung des Einflusses der Behandlung mit sauerstoffhaltigem Wasser auf ausgew\u00e4hlte Stoffwechselparameter und menschliche K\u00f6rperfunktionen Bewertung der Auswirkungen eines regelm\u00e4\u00dfigen Verzehrs von strukturiertem Wasser, das nat\u00fcrlich mit Sauerstoff angereichert ist&#8230; Oxygen and Air Nanobubble Water Solution_Promote the&#8230; [\/vc_column_text][\/vc_column][\/vc_row]","og_url":"https:\/\/myhealth-water.com\/de\/ueber-das-produkt\/publikationen-und-literatur\/","og_site_name":"My Health","article_modified_time":"2023-07-19T11:51:32+00:00","twitter_card":"summary_large_image","schema":{"@context":"https:\/\/schema.org","@graph":[{"@type":"WebPage","@id":"https:\/\/myhealth-water.com\/de\/ueber-das-produkt\/publikationen-und-literatur\/","url":"https:\/\/myhealth-water.com\/de\/ueber-das-produkt\/publikationen-und-literatur\/","name":"Publikationen und Literatur - My Health","isPartOf":{"@id":"https:\/\/myhealth-water.com\/de\/#website"},"datePublished":"2020-07-15T13:38:11+00:00","dateModified":"2023-07-19T11:51:32+00:00","breadcrumb":{"@id":"https:\/\/myhealth-water.com\/de\/ueber-das-produkt\/publikationen-und-literatur\/#breadcrumb"},"inLanguage":"de","potentialAction":[{"@type":"ReadAction","target":["https:\/\/myhealth-water.com\/de\/ueber-das-produkt\/publikationen-und-literatur\/"]}]},{"@type":"BreadcrumbList","@id":"https:\/\/myhealth-water.com\/de\/ueber-das-produkt\/publikationen-und-literatur\/#breadcrumb","itemListElement":[{"@type":"ListItem","position":1,"name":"Start","item":"https:\/\/myhealth-water.com\/de\/"},{"@type":"ListItem","position":2,"name":"\u00dcber das Produkt","item":"https:\/\/myhealth-water.com\/de\/ueber-das-produkt\/"},{"@type":"ListItem","position":3,"name":"Publikationen und Literatur"}]},{"@type":"WebSite","@id":"https:\/\/myhealth-water.com\/de\/#website","url":"https:\/\/myhealth-water.com\/de\/","name":"My Health","description":"Kolejna witryna oparta na WordPressie","potentialAction":[{"@type":"SearchAction","target":{"@type":"EntryPoint","urlTemplate":"https:\/\/myhealth-water.com\/de\/?s={search_term_string}"},"query-input":{"@type":"PropertyValueSpecification","valueRequired":true,"valueName":"search_term_string"}}],"inLanguage":"de"}]}},"_links":{"self":[{"href":"https:\/\/myhealth-water.com\/de\/wp-json\/wp\/v2\/pages\/1820","targetHints":{"allow":["GET"]}}],"collection":[{"href":"https:\/\/myhealth-water.com\/de\/wp-json\/wp\/v2\/pages"}],"about":[{"href":"https:\/\/myhealth-water.com\/de\/wp-json\/wp\/v2\/types\/page"}],"author":[{"embeddable":true,"href":"https:\/\/myhealth-water.com\/de\/wp-json\/wp\/v2\/users\/1"}],"replies":[{"embeddable":true,"href":"https:\/\/myhealth-water.com\/de\/wp-json\/wp\/v2\/comments?post=1820"}],"version-history":[{"count":4,"href":"https:\/\/myhealth-water.com\/de\/wp-json\/wp\/v2\/pages\/1820\/revisions"}],"predecessor-version":[{"id":4678,"href":"https:\/\/myhealth-water.com\/de\/wp-json\/wp\/v2\/pages\/1820\/revisions\/4678"}],"up":[{"embeddable":true,"href":"https:\/\/myhealth-water.com\/de\/wp-json\/wp\/v2\/pages\/1791"}],"wp:attachment":[{"href":"https:\/\/myhealth-water.com\/de\/wp-json\/wp\/v2\/media?parent=1820"}],"curies":[{"name":"wp","href":"https:\/\/api.w.org\/{rel}","templated":true}]}}