{"id":1836,"date":"2020-07-15T15:48:10","date_gmt":"2020-07-15T13:48:10","guid":{"rendered":"http:\/\/myhealth-water.com\/?page_id=1836"},"modified":"2020-07-15T15:49:09","modified_gmt":"2020-07-15T13:49:09","slug":"angebot","status":"publish","type":"page","link":"https:\/\/myhealth-water.com\/de\/angebot\/","title":{"rendered":"Angebot"},"content":{"rendered":"<p>WWir verkaufen nur im Gro\u00dfhandel.<\/p>\n<p>Die Lieferungen an einzelne Verbraucher und Firmen auf dem Gebiet Polens werden durch Kurierfirmen durchgef\u00fchrt, w\u00e4hrend gr\u00f6\u00dfere Lieferungen an Firmen, die auf dem Gebiet der Woiwodschaft Schlesien ans\u00e4ssig sind, durch unseren eigenen Transport gesichert werden.<\/p>\n<p>Firmen, die am weiteren Vertrieb von strukturiertem Sauerstoffwasser unter der Marke MyHealth interessiert sind, k\u00f6nnen die Bedingungen einer solchen Zusammenarbeit direkt mit dem Vorstand unserer Gesellschaft aushandeln.<\/p>\n<p>Wir f\u00fchren auch gro\u00dfe Auftr\u00e4ge f\u00fcr die Herstellung von strukturiertem Wasser unter dem Namen unseres eigenen Unternehmens f\u00fcr Werbe- und Marketingzwecke aus, die der Firma, die den Auftrag gibt, gewidmet sind.<br \/>\nAnfragen nur per E-Mail.<\/p>\n<p>Wir bieten verschiedene Verkaufsformen an, deren Vorteile in den folgenden Abschnitten beschrieben werden :<\/p>\n<p>&#8211; <a href=\"https:\/\/myhealth-water.com\/de\/angebot\/myhealth-club\/\">MyHealth-Club oder Abonnement-Shopping<\/a>;<\/p>\n<p>&#8211; <a href=\"https:\/\/myhealth-water.com\/de\/angebot\/kauf-ausserhalb-der-club-mitgliedschaft\/\">Einmalige und gelegentliche K\u00e4ufe<\/a>;<\/p>\n<p>&#8211; <a href=\"https:\/\/myhealth-water.com\/de\/angebot\/kauf-von-wasser-fuer-mitarbeiter-firmenvorstand\/\">Kauf von Wasser f\u00fcr Mitarbeiter und Firmenvorstand.<\/a>.<\/p>\n","protected":false},"excerpt":{"rendered":"<p>WWir verkaufen nur im Gro\u00dfhandel. Die Lieferungen an einzelne Verbraucher und Firmen auf dem Gebiet Polens werden durch Kurierfirmen durchgef\u00fchrt, w\u00e4hrend gr\u00f6\u00dfere Lieferungen an Firmen, die auf dem Gebiet der Woiwodschaft Schlesien ans\u00e4ssig sind, durch unseren eigenen Transport gesichert werden. Firmen, die am weiteren Vertrieb von strukturiertem Sauerstoffwasser unter der<\/p>\n","protected":false},"author":1,"featured_media":0,"parent":0,"menu_order":0,"comment_status":"closed","ping_status":"closed","template":"","meta":{"footnotes":""},"class_list":["post-1836","page","type-page","status-publish","hentry"],"yoast_head":"<!-- This site is optimized with the Yoast SEO plugin v27.6 - https:\/\/yoast.com\/product\/yoast-seo-wordpress\/ -->\n<title>Angebot - My Health<\/title>\n<meta name=\"robots\" content=\"index, follow, max-snippet:-1, max-image-preview:large, max-video-preview:-1\" \/>\n<link rel=\"canonical\" href=\"https:\/\/myhealth-water.com\/de\/angebot\/\" \/>\n<meta property=\"og:locale\" content=\"de_DE\" \/>\n<meta property=\"og:type\" content=\"article\" \/>\n<meta property=\"og:title\" content=\"Angebot - My Health\" \/>\n<meta property=\"og:description\" content=\"WWir verkaufen nur im Gro\u00dfhandel. Die Lieferungen an einzelne Verbraucher und Firmen auf dem Gebiet Polens werden durch Kurierfirmen durchgef\u00fchrt, w\u00e4hrend gr\u00f6\u00dfere Lieferungen an Firmen, die auf dem Gebiet der Woiwodschaft Schlesien ans\u00e4ssig sind, durch unseren eigenen Transport gesichert werden. Firmen, die am weiteren Vertrieb von strukturiertem Sauerstoffwasser unter der\" \/>\n<meta property=\"og:url\" content=\"https:\/\/myhealth-water.com\/de\/angebot\/\" \/>\n<meta property=\"og:site_name\" content=\"My Health\" \/>\n<meta property=\"article:modified_time\" content=\"2020-07-15T13:49:09+00:00\" \/>\n<meta name=\"twitter:card\" content=\"summary_large_image\" \/>\n<meta name=\"twitter:label1\" content=\"Gesch\u00e4tzte Lesezeit\" \/>\n\t<meta name=\"twitter:data1\" content=\"1\u00a0Minute\" \/>\n<script type=\"application\/ld+json\" class=\"yoast-schema-graph\">{\"@context\":\"https:\\\/\\\/schema.org\",\"@graph\":[{\"@type\":\"WebPage\",\"@id\":\"https:\\\/\\\/myhealth-water.com\\\/de\\\/angebot\\\/\",\"url\":\"https:\\\/\\\/myhealth-water.com\\\/de\\\/angebot\\\/\",\"name\":\"Angebot - My Health\",\"isPartOf\":{\"@id\":\"https:\\\/\\\/myhealth-water.com\\\/de\\\/#website\"},\"datePublished\":\"2020-07-15T13:48:10+00:00\",\"dateModified\":\"2020-07-15T13:49:09+00:00\",\"breadcrumb\":{\"@id\":\"https:\\\/\\\/myhealth-water.com\\\/de\\\/angebot\\\/#breadcrumb\"},\"inLanguage\":\"de\",\"potentialAction\":[{\"@type\":\"ReadAction\",\"target\":[\"https:\\\/\\\/myhealth-water.com\\\/de\\\/angebot\\\/\"]}]},{\"@type\":\"BreadcrumbList\",\"@id\":\"https:\\\/\\\/myhealth-water.com\\\/de\\\/angebot\\\/#breadcrumb\",\"itemListElement\":[{\"@type\":\"ListItem\",\"position\":1,\"name\":\"Start\",\"item\":\"https:\\\/\\\/myhealth-water.com\\\/de\\\/\"},{\"@type\":\"ListItem\",\"position\":2,\"name\":\"Angebot\"}]},{\"@type\":\"WebSite\",\"@id\":\"https:\\\/\\\/myhealth-water.com\\\/de\\\/#website\",\"url\":\"https:\\\/\\\/myhealth-water.com\\\/de\\\/\",\"name\":\"My Health\",\"description\":\"Kolejna witryna oparta na WordPressie\",\"potentialAction\":[{\"@type\":\"SearchAction\",\"target\":{\"@type\":\"EntryPoint\",\"urlTemplate\":\"https:\\\/\\\/myhealth-water.com\\\/de\\\/?s={search_term_string}\"},\"query-input\":{\"@type\":\"PropertyValueSpecification\",\"valueRequired\":true,\"valueName\":\"search_term_string\"}}],\"inLanguage\":\"de\"}]}<\/script>\n<!-- \/ Yoast SEO plugin. -->","yoast_head_json":{"title":"Angebot - My Health","robots":{"index":"index","follow":"follow","max-snippet":"max-snippet:-1","max-image-preview":"max-image-preview:large","max-video-preview":"max-video-preview:-1"},"canonical":"https:\/\/myhealth-water.com\/de\/angebot\/","og_locale":"de_DE","og_type":"article","og_title":"Angebot - My Health","og_description":"WWir verkaufen nur im Gro\u00dfhandel. Die Lieferungen an einzelne Verbraucher und Firmen auf dem Gebiet Polens werden durch Kurierfirmen durchgef\u00fchrt, w\u00e4hrend gr\u00f6\u00dfere Lieferungen an Firmen, die auf dem Gebiet der Woiwodschaft Schlesien ans\u00e4ssig sind, durch unseren eigenen Transport gesichert werden. Firmen, die am weiteren Vertrieb von strukturiertem Sauerstoffwasser unter der","og_url":"https:\/\/myhealth-water.com\/de\/angebot\/","og_site_name":"My Health","article_modified_time":"2020-07-15T13:49:09+00:00","twitter_card":"summary_large_image","twitter_misc":{"Gesch\u00e4tzte Lesezeit":"1\u00a0Minute"},"schema":{"@context":"https:\/\/schema.org","@graph":[{"@type":"WebPage","@id":"https:\/\/myhealth-water.com\/de\/angebot\/","url":"https:\/\/myhealth-water.com\/de\/angebot\/","name":"Angebot - My Health","isPartOf":{"@id":"https:\/\/myhealth-water.com\/de\/#website"},"datePublished":"2020-07-15T13:48:10+00:00","dateModified":"2020-07-15T13:49:09+00:00","breadcrumb":{"@id":"https:\/\/myhealth-water.com\/de\/angebot\/#breadcrumb"},"inLanguage":"de","potentialAction":[{"@type":"ReadAction","target":["https:\/\/myhealth-water.com\/de\/angebot\/"]}]},{"@type":"BreadcrumbList","@id":"https:\/\/myhealth-water.com\/de\/angebot\/#breadcrumb","itemListElement":[{"@type":"ListItem","position":1,"name":"Start","item":"https:\/\/myhealth-water.com\/de\/"},{"@type":"ListItem","position":2,"name":"Angebot"}]},{"@type":"WebSite","@id":"https:\/\/myhealth-water.com\/de\/#website","url":"https:\/\/myhealth-water.com\/de\/","name":"My Health","description":"Kolejna witryna oparta na WordPressie","potentialAction":[{"@type":"SearchAction","target":{"@type":"EntryPoint","urlTemplate":"https:\/\/myhealth-water.com\/de\/?s={search_term_string}"},"query-input":{"@type":"PropertyValueSpecification","valueRequired":true,"valueName":"search_term_string"}}],"inLanguage":"de"}]}},"_links":{"self":[{"href":"https:\/\/myhealth-water.com\/de\/wp-json\/wp\/v2\/pages\/1836","targetHints":{"allow":["GET"]}}],"collection":[{"href":"https:\/\/myhealth-water.com\/de\/wp-json\/wp\/v2\/pages"}],"about":[{"href":"https:\/\/myhealth-water.com\/de\/wp-json\/wp\/v2\/types\/page"}],"author":[{"embeddable":true,"href":"https:\/\/myhealth-water.com\/de\/wp-json\/wp\/v2\/users\/1"}],"replies":[{"embeddable":true,"href":"https:\/\/myhealth-water.com\/de\/wp-json\/wp\/v2\/comments?post=1836"}],"version-history":[{"count":1,"href":"https:\/\/myhealth-water.com\/de\/wp-json\/wp\/v2\/pages\/1836\/revisions"}],"predecessor-version":[{"id":1838,"href":"https:\/\/myhealth-water.com\/de\/wp-json\/wp\/v2\/pages\/1836\/revisions\/1838"}],"wp:attachment":[{"href":"https:\/\/myhealth-water.com\/de\/wp-json\/wp\/v2\/media?parent=1836"}],"curies":[{"name":"wp","href":"https:\/\/api.w.org\/{rel}","templated":true}]}}