{"id":1855,"date":"2020-07-15T16:18:05","date_gmt":"2020-07-15T14:18:05","guid":{"rendered":"http:\/\/myhealth-water.com\/?page_id=1855"},"modified":"2020-07-15T16:18:05","modified_gmt":"2020-07-15T14:18:05","slug":"ueber-uns","status":"publish","type":"page","link":"https:\/\/myhealth-water.com\/de\/ueber-uns\/","title":{"rendered":"\u00dcber uns"},"content":{"rendered":"<p>Wir sind eine Gruppe von Familienunternehmen, die seit 2011 zusammenarbeiten und den gr\u00f6\u00dften Teil ihrer T\u00e4tigkeit sowie eigene und geliehene Investitionsmittel seit Jahren investieren, um eine optimale Formel f\u00fcr die Herstellung verschiedener, mit Sauerstoff angereicherter Sorten des strukturierten Wassers f\u00fcr bestimmte Kundengruppen zu entwickeln. \u2013 Wir sind leidenschaftlich an schwierigen Aufgaben interessiert und fordern uns st\u00e4ndig selbst heraus!<\/p>\n<p>Gegenw\u00e4rtig wird Wasser von einwandfreier Sauberkeit aus dicht verschlossenen Wasservorkommen im Krakauer-Tschenstochauer Jura gef\u00f6rdert und unter strikter Einhaltung der gesetzlichen Vorschriften dem Prozess der Strukturierung unterzogen.<\/p>\n<p>Im Interesse der \u00d6kologie und Ihrer Gesundheit achten wir besonders auf die Beseitigung aller Chemikalien bei der Aufbereitung und Vorbereitung des Wassers f\u00fcr die Verpackung sowie auf die Vorsp\u00fclung der Flaschen, was unter den Wasserproduzenten der Welt ein ungew\u00f6hnlicher Vorgang ist!<\/p>\n<p>Wir haben eine Reihe von klinischen Studien und Verbraucherbeobachtungen \u00fcber die biologische Wirksamkeit unseres strukturierten Wassers durchgef\u00fchrt und werden dies auch weiterhin tun. Dank dieses Wissens w\u00e4hlen wir alle an Sie gerichteten Meinungen<br \/>\nund Formulierungen sehr sorgf\u00e4ltig aus, die mehrfach \u00fcberpr\u00fcft und durch zahlreiche, wiederholbare Ergebnisse von Labortests und Verbrauchereinsichten gest\u00fctzt werden.<\/p>\n<p>Wir hoffen, in naher Zukunft weitere innovative Produkte zu entwickeln, die f\u00fcr eine wirksame Gesundheitsprophylaxe und die Verbesserung des Gesundheitszustands jedes systematischen Verbrauchers wichtig werden.<\/p>\n","protected":false},"excerpt":{"rendered":"<p>Wir sind eine Gruppe von Familienunternehmen, die seit 2011 zusammenarbeiten und den gr\u00f6\u00dften Teil ihrer T\u00e4tigkeit sowie eigene und geliehene Investitionsmittel seit Jahren investieren, um eine optimale Formel f\u00fcr die Herstellung verschiedener, mit Sauerstoff angereicherter Sorten des strukturierten Wassers f\u00fcr bestimmte Kundengruppen zu entwickeln. \u2013 Wir sind leidenschaftlich an schwierigen<\/p>\n","protected":false},"author":1,"featured_media":0,"parent":0,"menu_order":0,"comment_status":"closed","ping_status":"closed","template":"","meta":{"footnotes":""},"class_list":["post-1855","page","type-page","status-publish","hentry"],"yoast_head":"<!-- This site is optimized with the Yoast SEO plugin v27.6 - https:\/\/yoast.com\/product\/yoast-seo-wordpress\/ -->\n<title>\u00dcber uns - My Health<\/title>\n<meta name=\"robots\" content=\"index, follow, max-snippet:-1, max-image-preview:large, max-video-preview:-1\" \/>\n<link rel=\"canonical\" href=\"https:\/\/myhealth-water.com\/de\/ueber-uns\/\" \/>\n<meta property=\"og:locale\" content=\"de_DE\" \/>\n<meta property=\"og:type\" content=\"article\" \/>\n<meta property=\"og:title\" content=\"\u00dcber uns - My Health\" \/>\n<meta property=\"og:description\" content=\"Wir sind eine Gruppe von Familienunternehmen, die seit 2011 zusammenarbeiten und den gr\u00f6\u00dften Teil ihrer T\u00e4tigkeit sowie eigene und geliehene Investitionsmittel seit Jahren investieren, um eine optimale Formel f\u00fcr die Herstellung verschiedener, mit Sauerstoff angereicherter Sorten des strukturierten Wassers f\u00fcr bestimmte Kundengruppen zu entwickeln. \u2013 Wir sind leidenschaftlich an schwierigen\" \/>\n<meta property=\"og:url\" content=\"https:\/\/myhealth-water.com\/de\/ueber-uns\/\" \/>\n<meta property=\"og:site_name\" content=\"My Health\" \/>\n<meta name=\"twitter:card\" content=\"summary_large_image\" \/>\n<meta name=\"twitter:label1\" content=\"Gesch\u00e4tzte Lesezeit\" \/>\n\t<meta name=\"twitter:data1\" content=\"1\u00a0Minute\" \/>\n<script type=\"application\/ld+json\" class=\"yoast-schema-graph\">{\"@context\":\"https:\\\/\\\/schema.org\",\"@graph\":[{\"@type\":\"WebPage\",\"@id\":\"https:\\\/\\\/myhealth-water.com\\\/de\\\/ueber-uns\\\/\",\"url\":\"https:\\\/\\\/myhealth-water.com\\\/de\\\/ueber-uns\\\/\",\"name\":\"\u00dcber uns - My Health\",\"isPartOf\":{\"@id\":\"https:\\\/\\\/myhealth-water.com\\\/de\\\/#website\"},\"datePublished\":\"2020-07-15T14:18:05+00:00\",\"breadcrumb\":{\"@id\":\"https:\\\/\\\/myhealth-water.com\\\/de\\\/ueber-uns\\\/#breadcrumb\"},\"inLanguage\":\"de\",\"potentialAction\":[{\"@type\":\"ReadAction\",\"target\":[\"https:\\\/\\\/myhealth-water.com\\\/de\\\/ueber-uns\\\/\"]}]},{\"@type\":\"BreadcrumbList\",\"@id\":\"https:\\\/\\\/myhealth-water.com\\\/de\\\/ueber-uns\\\/#breadcrumb\",\"itemListElement\":[{\"@type\":\"ListItem\",\"position\":1,\"name\":\"Start\",\"item\":\"https:\\\/\\\/myhealth-water.com\\\/de\\\/\"},{\"@type\":\"ListItem\",\"position\":2,\"name\":\"\u00dcber uns\"}]},{\"@type\":\"WebSite\",\"@id\":\"https:\\\/\\\/myhealth-water.com\\\/de\\\/#website\",\"url\":\"https:\\\/\\\/myhealth-water.com\\\/de\\\/\",\"name\":\"My Health\",\"description\":\"Kolejna witryna oparta na WordPressie\",\"potentialAction\":[{\"@type\":\"SearchAction\",\"target\":{\"@type\":\"EntryPoint\",\"urlTemplate\":\"https:\\\/\\\/myhealth-water.com\\\/de\\\/?s={search_term_string}\"},\"query-input\":{\"@type\":\"PropertyValueSpecification\",\"valueRequired\":true,\"valueName\":\"search_term_string\"}}],\"inLanguage\":\"de\"}]}<\/script>\n<!-- \/ Yoast SEO plugin. -->","yoast_head_json":{"title":"\u00dcber uns - My Health","robots":{"index":"index","follow":"follow","max-snippet":"max-snippet:-1","max-image-preview":"max-image-preview:large","max-video-preview":"max-video-preview:-1"},"canonical":"https:\/\/myhealth-water.com\/de\/ueber-uns\/","og_locale":"de_DE","og_type":"article","og_title":"\u00dcber uns - My Health","og_description":"Wir sind eine Gruppe von Familienunternehmen, die seit 2011 zusammenarbeiten und den gr\u00f6\u00dften Teil ihrer T\u00e4tigkeit sowie eigene und geliehene Investitionsmittel seit Jahren investieren, um eine optimale Formel f\u00fcr die Herstellung verschiedener, mit Sauerstoff angereicherter Sorten des strukturierten Wassers f\u00fcr bestimmte Kundengruppen zu entwickeln. \u2013 Wir sind leidenschaftlich an schwierigen","og_url":"https:\/\/myhealth-water.com\/de\/ueber-uns\/","og_site_name":"My Health","twitter_card":"summary_large_image","twitter_misc":{"Gesch\u00e4tzte Lesezeit":"1\u00a0Minute"},"schema":{"@context":"https:\/\/schema.org","@graph":[{"@type":"WebPage","@id":"https:\/\/myhealth-water.com\/de\/ueber-uns\/","url":"https:\/\/myhealth-water.com\/de\/ueber-uns\/","name":"\u00dcber uns - My Health","isPartOf":{"@id":"https:\/\/myhealth-water.com\/de\/#website"},"datePublished":"2020-07-15T14:18:05+00:00","breadcrumb":{"@id":"https:\/\/myhealth-water.com\/de\/ueber-uns\/#breadcrumb"},"inLanguage":"de","potentialAction":[{"@type":"ReadAction","target":["https:\/\/myhealth-water.com\/de\/ueber-uns\/"]}]},{"@type":"BreadcrumbList","@id":"https:\/\/myhealth-water.com\/de\/ueber-uns\/#breadcrumb","itemListElement":[{"@type":"ListItem","position":1,"name":"Start","item":"https:\/\/myhealth-water.com\/de\/"},{"@type":"ListItem","position":2,"name":"\u00dcber uns"}]},{"@type":"WebSite","@id":"https:\/\/myhealth-water.com\/de\/#website","url":"https:\/\/myhealth-water.com\/de\/","name":"My Health","description":"Kolejna witryna oparta na WordPressie","potentialAction":[{"@type":"SearchAction","target":{"@type":"EntryPoint","urlTemplate":"https:\/\/myhealth-water.com\/de\/?s={search_term_string}"},"query-input":{"@type":"PropertyValueSpecification","valueRequired":true,"valueName":"search_term_string"}}],"inLanguage":"de"}]}},"_links":{"self":[{"href":"https:\/\/myhealth-water.com\/de\/wp-json\/wp\/v2\/pages\/1855","targetHints":{"allow":["GET"]}}],"collection":[{"href":"https:\/\/myhealth-water.com\/de\/wp-json\/wp\/v2\/pages"}],"about":[{"href":"https:\/\/myhealth-water.com\/de\/wp-json\/wp\/v2\/types\/page"}],"author":[{"embeddable":true,"href":"https:\/\/myhealth-water.com\/de\/wp-json\/wp\/v2\/users\/1"}],"replies":[{"embeddable":true,"href":"https:\/\/myhealth-water.com\/de\/wp-json\/wp\/v2\/comments?post=1855"}],"version-history":[{"count":1,"href":"https:\/\/myhealth-water.com\/de\/wp-json\/wp\/v2\/pages\/1855\/revisions"}],"predecessor-version":[{"id":1856,"href":"https:\/\/myhealth-water.com\/de\/wp-json\/wp\/v2\/pages\/1855\/revisions\/1856"}],"wp:attachment":[{"href":"https:\/\/myhealth-water.com\/de\/wp-json\/wp\/v2\/media?parent=1855"}],"curies":[{"name":"wp","href":"https:\/\/api.w.org\/{rel}","templated":true}]}}