{"id":1866,"date":"2020-07-16T09:22:07","date_gmt":"2020-07-16T07:22:07","guid":{"rendered":"http:\/\/myhealth-water.com\/?page_id=1866"},"modified":"2020-09-02T12:48:10","modified_gmt":"2020-09-02T10:48:10","slug":"rabattpolitik","status":"publish","type":"page","link":"https:\/\/myhealth-water.com\/de\/geschaeft\/rabattpolitik\/","title":{"rendered":"Rabattpolitik"},"content":{"rendered":"<p><strong>MyHealth Club<\/strong><\/p>\n<p>&#8211; Fester Rabatt von 20% bei Erf\u00fcllung der in der Gesch\u00e4ftsordnung beschriebenen Bestimmungen,<\/p>\n<p>&#8211; NUR Club-Mitgliedern werden Rabattcoupons f\u00fcr K\u00e4ufe neuer Verbraucher, die von den Club-Mitgliedern in die Club-Mitgliedschaft eingef\u00fchrt worden sind, zur Verf\u00fcgung gestellt \u2013 und zwar f\u00fcr JEDEN eingekauften Karton eines beliebigen Produkts w\u00e4hrend der gesamten Dauer der Club-Mitgliedschaft dieser Person.<\/p>\n<p>&#8211; Einmalige Rabattgutscheine werden dem Club-Mitglied auch f\u00fcr jeden einmaligen Kauf zugewiesen, der auf seine Empfehlung hin au\u00dferhalb des Clubs get\u00e4tigt und durch Angabe der Vermittler-ID-Nummer durch den neuen Verbraucher identifiziert wird \u2013 und zwar in der gleichen H\u00f6he wie bei K\u00e4ufen, die von neuen Club-Mitgliedern get\u00e4tigt werden.<\/p>\n<p><strong>Kauf au\u00dferhalb der Club-Mitgliedschaft<\/p>\n<p><\/strong>&#8211; Wir belohnen Sie in Form von Mengenrabatten, angefangen beim 2 Karton des Produkts, berechnet vom Katalogpreis;<\/p>\n<p>&#8211; Rabatte:<br \/>\n1 Karton = Listenpreis;<br \/>\n2 Kartons = 5% Rabatt;<br \/>\n3 Kartons = 10% Rabatt;<br \/>\n4 Kartons = 15% Rabatt;<br \/>\n5-10 Kartons = 20% Rabatt<\/p>\n<p>&#8211; Einmalige K\u00e4ufe von mehr als 10 Kartons (jedes beliebigen Sortiments) bed\u00fcrfen der individuellen Zustimmung des Gesellschaftsvorstands.<\/p>\n","protected":false},"excerpt":{"rendered":"<p>MyHealth Club &#8211; Fester Rabatt von 20% bei Erf\u00fcllung der in der Gesch\u00e4ftsordnung beschriebenen Bestimmungen, &#8211; NUR Club-Mitgliedern werden Rabattcoupons f\u00fcr K\u00e4ufe neuer Verbraucher, die von den Club-Mitgliedern in die Club-Mitgliedschaft eingef\u00fchrt worden sind, zur Verf\u00fcgung gestellt \u2013 und zwar f\u00fcr JEDEN eingekauften Karton eines beliebigen Produkts w\u00e4hrend der gesamten<\/p>\n","protected":false},"author":1,"featured_media":0,"parent":1927,"menu_order":0,"comment_status":"closed","ping_status":"closed","template":"","meta":{"footnotes":""},"class_list":["post-1866","page","type-page","status-publish","hentry"],"yoast_head":"<!-- This site is optimized with the Yoast SEO plugin v27.6 - https:\/\/yoast.com\/product\/yoast-seo-wordpress\/ -->\n<title>Rabattpolitik - My Health<\/title>\n<meta name=\"robots\" content=\"index, follow, max-snippet:-1, max-image-preview:large, max-video-preview:-1\" \/>\n<link rel=\"canonical\" href=\"https:\/\/myhealth-water.com\/de\/geschaeft\/rabattpolitik\/\" \/>\n<meta property=\"og:locale\" content=\"de_DE\" \/>\n<meta property=\"og:type\" content=\"article\" \/>\n<meta property=\"og:title\" content=\"Rabattpolitik - My Health\" \/>\n<meta property=\"og:description\" content=\"MyHealth Club &#8211; Fester Rabatt von 20% bei Erf\u00fcllung der in der Gesch\u00e4ftsordnung beschriebenen Bestimmungen, &#8211; NUR Club-Mitgliedern werden Rabattcoupons f\u00fcr K\u00e4ufe neuer Verbraucher, die von den Club-Mitgliedern in die Club-Mitgliedschaft eingef\u00fchrt worden sind, zur Verf\u00fcgung gestellt \u2013 und zwar f\u00fcr JEDEN eingekauften Karton eines beliebigen Produkts w\u00e4hrend der gesamten\" \/>\n<meta property=\"og:url\" content=\"https:\/\/myhealth-water.com\/de\/geschaeft\/rabattpolitik\/\" \/>\n<meta property=\"og:site_name\" content=\"My Health\" \/>\n<meta property=\"article:modified_time\" content=\"2020-09-02T10:48:10+00:00\" \/>\n<meta name=\"twitter:card\" content=\"summary_large_image\" \/>\n<meta name=\"twitter:label1\" content=\"Gesch\u00e4tzte Lesezeit\" \/>\n\t<meta name=\"twitter:data1\" content=\"1\u00a0Minute\" \/>\n<script type=\"application\/ld+json\" class=\"yoast-schema-graph\">{\"@context\":\"https:\\\/\\\/schema.org\",\"@graph\":[{\"@type\":\"WebPage\",\"@id\":\"https:\\\/\\\/myhealth-water.com\\\/de\\\/geschaeft\\\/rabattpolitik\\\/\",\"url\":\"https:\\\/\\\/myhealth-water.com\\\/de\\\/geschaeft\\\/rabattpolitik\\\/\",\"name\":\"Rabattpolitik - My Health\",\"isPartOf\":{\"@id\":\"https:\\\/\\\/myhealth-water.com\\\/de\\\/#website\"},\"datePublished\":\"2020-07-16T07:22:07+00:00\",\"dateModified\":\"2020-09-02T10:48:10+00:00\",\"breadcrumb\":{\"@id\":\"https:\\\/\\\/myhealth-water.com\\\/de\\\/geschaeft\\\/rabattpolitik\\\/#breadcrumb\"},\"inLanguage\":\"de\",\"potentialAction\":[{\"@type\":\"ReadAction\",\"target\":[\"https:\\\/\\\/myhealth-water.com\\\/de\\\/geschaeft\\\/rabattpolitik\\\/\"]}]},{\"@type\":\"BreadcrumbList\",\"@id\":\"https:\\\/\\\/myhealth-water.com\\\/de\\\/geschaeft\\\/rabattpolitik\\\/#breadcrumb\",\"itemListElement\":[{\"@type\":\"ListItem\",\"position\":1,\"name\":\"Start\",\"item\":\"https:\\\/\\\/myhealth-water.com\\\/de\\\/\"},{\"@type\":\"ListItem\",\"position\":2,\"name\":\"Gesch\u00e4ft\",\"item\":\"https:\\\/\\\/myhealth-water.com\\\/de\\\/geschaeft\\\/\"},{\"@type\":\"ListItem\",\"position\":3,\"name\":\"Rabattpolitik\"}]},{\"@type\":\"WebSite\",\"@id\":\"https:\\\/\\\/myhealth-water.com\\\/de\\\/#website\",\"url\":\"https:\\\/\\\/myhealth-water.com\\\/de\\\/\",\"name\":\"My Health\",\"description\":\"Kolejna witryna oparta na WordPressie\",\"potentialAction\":[{\"@type\":\"SearchAction\",\"target\":{\"@type\":\"EntryPoint\",\"urlTemplate\":\"https:\\\/\\\/myhealth-water.com\\\/de\\\/?s={search_term_string}\"},\"query-input\":{\"@type\":\"PropertyValueSpecification\",\"valueRequired\":true,\"valueName\":\"search_term_string\"}}],\"inLanguage\":\"de\"}]}<\/script>\n<!-- \/ Yoast SEO plugin. -->","yoast_head_json":{"title":"Rabattpolitik - My Health","robots":{"index":"index","follow":"follow","max-snippet":"max-snippet:-1","max-image-preview":"max-image-preview:large","max-video-preview":"max-video-preview:-1"},"canonical":"https:\/\/myhealth-water.com\/de\/geschaeft\/rabattpolitik\/","og_locale":"de_DE","og_type":"article","og_title":"Rabattpolitik - My Health","og_description":"MyHealth Club &#8211; Fester Rabatt von 20% bei Erf\u00fcllung der in der Gesch\u00e4ftsordnung beschriebenen Bestimmungen, &#8211; NUR Club-Mitgliedern werden Rabattcoupons f\u00fcr K\u00e4ufe neuer Verbraucher, die von den Club-Mitgliedern in die Club-Mitgliedschaft eingef\u00fchrt worden sind, zur Verf\u00fcgung gestellt \u2013 und zwar f\u00fcr JEDEN eingekauften Karton eines beliebigen Produkts w\u00e4hrend der gesamten","og_url":"https:\/\/myhealth-water.com\/de\/geschaeft\/rabattpolitik\/","og_site_name":"My Health","article_modified_time":"2020-09-02T10:48:10+00:00","twitter_card":"summary_large_image","twitter_misc":{"Gesch\u00e4tzte Lesezeit":"1\u00a0Minute"},"schema":{"@context":"https:\/\/schema.org","@graph":[{"@type":"WebPage","@id":"https:\/\/myhealth-water.com\/de\/geschaeft\/rabattpolitik\/","url":"https:\/\/myhealth-water.com\/de\/geschaeft\/rabattpolitik\/","name":"Rabattpolitik - My Health","isPartOf":{"@id":"https:\/\/myhealth-water.com\/de\/#website"},"datePublished":"2020-07-16T07:22:07+00:00","dateModified":"2020-09-02T10:48:10+00:00","breadcrumb":{"@id":"https:\/\/myhealth-water.com\/de\/geschaeft\/rabattpolitik\/#breadcrumb"},"inLanguage":"de","potentialAction":[{"@type":"ReadAction","target":["https:\/\/myhealth-water.com\/de\/geschaeft\/rabattpolitik\/"]}]},{"@type":"BreadcrumbList","@id":"https:\/\/myhealth-water.com\/de\/geschaeft\/rabattpolitik\/#breadcrumb","itemListElement":[{"@type":"ListItem","position":1,"name":"Start","item":"https:\/\/myhealth-water.com\/de\/"},{"@type":"ListItem","position":2,"name":"Gesch\u00e4ft","item":"https:\/\/myhealth-water.com\/de\/geschaeft\/"},{"@type":"ListItem","position":3,"name":"Rabattpolitik"}]},{"@type":"WebSite","@id":"https:\/\/myhealth-water.com\/de\/#website","url":"https:\/\/myhealth-water.com\/de\/","name":"My Health","description":"Kolejna witryna oparta na WordPressie","potentialAction":[{"@type":"SearchAction","target":{"@type":"EntryPoint","urlTemplate":"https:\/\/myhealth-water.com\/de\/?s={search_term_string}"},"query-input":{"@type":"PropertyValueSpecification","valueRequired":true,"valueName":"search_term_string"}}],"inLanguage":"de"}]}},"_links":{"self":[{"href":"https:\/\/myhealth-water.com\/de\/wp-json\/wp\/v2\/pages\/1866","targetHints":{"allow":["GET"]}}],"collection":[{"href":"https:\/\/myhealth-water.com\/de\/wp-json\/wp\/v2\/pages"}],"about":[{"href":"https:\/\/myhealth-water.com\/de\/wp-json\/wp\/v2\/types\/page"}],"author":[{"embeddable":true,"href":"https:\/\/myhealth-water.com\/de\/wp-json\/wp\/v2\/users\/1"}],"replies":[{"embeddable":true,"href":"https:\/\/myhealth-water.com\/de\/wp-json\/wp\/v2\/comments?post=1866"}],"version-history":[{"count":2,"href":"https:\/\/myhealth-water.com\/de\/wp-json\/wp\/v2\/pages\/1866\/revisions"}],"predecessor-version":[{"id":2442,"href":"https:\/\/myhealth-water.com\/de\/wp-json\/wp\/v2\/pages\/1866\/revisions\/2442"}],"up":[{"embeddable":true,"href":"https:\/\/myhealth-water.com\/de\/wp-json\/wp\/v2\/pages\/1927"}],"wp:attachment":[{"href":"https:\/\/myhealth-water.com\/de\/wp-json\/wp\/v2\/media?parent=1866"}],"curies":[{"name":"wp","href":"https:\/\/api.w.org\/{rel}","templated":true}]}}