{"id":2574,"date":"2020-09-18T09:16:53","date_gmt":"2020-09-18T07:16:53","guid":{"rendered":"http:\/\/myhealth-water.com\/opinie\/"},"modified":"2020-09-21T13:23:07","modified_gmt":"2020-09-21T11:23:07","slug":"bewertungen","status":"publish","type":"page","link":"https:\/\/myhealth-water.com\/de\/bewertungen\/","title":{"rendered":"Bewertungen"},"content":{"rendered":"[vc_row][vc_column][vc_column_text]<strong>Natalia Partyka, 31 Jahre \u2013 viermalige paralympische Tischtennismeisterin.<\/strong>[\/vc_column_text][vc_column_text]Zus\u00e4tzlich zu dem, was ich w\u00e4hrend des Trainings trinke (Elektrolyt- und Energiemischungen), versuche ich jeden Tag, meinen K\u00f6rper mit mindestens 2 Litern Wasser zu versorgen. Ich gebe zu, dass es mir nicht immer gelingt und ich trinke sehr oft ein wenig oder weniger von diesem Wasser in mich hinein.<br \/>\n&#8211; Wenn ich jedoch seit einigen Wochen strukturiertes Wasser von MyHealth trinke, stellt sich heraus, dass ich (ich wei\u00df nicht einmal wann) die n\u00e4chsten Flaschen schnell entleere. Ich trinke jetzt ohne Probleme 2-3 Liter dieses Wassers pro Tag und ich habe das Gef\u00fchl, dass mein K\u00f6rper dadurch besser hydratisiert ist und sich nach hartem Training schneller regeneriert.<br \/>\nIch kann MyHealth Wasser ehrlich empfehlen!<br \/>\n<img loading=\"lazy\" decoding=\"async\" class=\"wp-image-2401 size-full aligncenter\" src=\"http:\/\/myhealth-water.com\/wp-content\/uploads\/2020\/08\/IMG_1445_wynik.jpg\" alt=\"\" width=\"450\" height=\"600\" srcset=\"https:\/\/myhealth-water.com\/wp-content\/uploads\/2020\/08\/IMG_1445_wynik.jpg 450w, https:\/\/myhealth-water.com\/wp-content\/uploads\/2020\/08\/IMG_1445_wynik-113x150.jpg 113w, https:\/\/myhealth-water.com\/wp-content\/uploads\/2020\/08\/IMG_1445_wynik-225x300.jpg 225w\" sizes=\"auto, (max-width: 450px) 100vw, 450px\" \/>[\/vc_column_text][vc_separator color=&#8221;blue&#8221;][vc_column_text]<strong>Kasia Jankowska, 26 Jahre alt \u2013 mehrfache polnische Meisterin im 5000m, 10000m Lauf und im Langlauf<\/strong>[\/vc_column_text][vc_column_text]Wenn ich MyHealth Wasser trinke, sp\u00fcre ich wirklich die Unterschiede.Ich f\u00fchle mich besser feuchtigkeitsspendend und f\u00fchle mich besser. Ich wache nachts nicht auf, um zu trinken, weil ich kein Bed\u00fcrfnis mehr habe. Nach dem Training hat es mich auch schneller bew\u00e4ssert. Ich trinke 3,5 bis 4 Liter Wasser pro Tag. Im Sportcamp haben wir die M\u00f6glichkeit Urin zu testen, um die ausreichende Fl\u00fcssigkeitszufuhr deim K\u00f6rpers zu \u00fcberpr\u00fcfen. Mit jedem Tag werden meine Messwerte besser.<br \/>\n<img loading=\"lazy\" decoding=\"async\" class=\"size-full wp-image-1735 aligncenter\" src=\"http:\/\/myhealth-water.com\/wp-content\/uploads\/2020\/07\/IMG_20200702_083228_wynik-1.jpg\" alt=\"\" width=\"960\" height=\"580\" srcset=\"https:\/\/myhealth-water.com\/wp-content\/uploads\/2020\/07\/IMG_20200702_083228_wynik-1.jpg 960w, https:\/\/myhealth-water.com\/wp-content\/uploads\/2020\/07\/IMG_20200702_083228_wynik-1-150x91.jpg 150w, https:\/\/myhealth-water.com\/wp-content\/uploads\/2020\/07\/IMG_20200702_083228_wynik-1-600x363.jpg 600w, https:\/\/myhealth-water.com\/wp-content\/uploads\/2020\/07\/IMG_20200702_083228_wynik-1-300x181.jpg 300w, https:\/\/myhealth-water.com\/wp-content\/uploads\/2020\/07\/IMG_20200702_083228_wynik-1-768x464.jpg 768w\" sizes=\"auto, (max-width: 960px) 100vw, 960px\" \/>[\/vc_column_text][vc_separator color=&#8221;blue&#8221;][vc_column_text]<strong>MAGDA UND RAFA\u0141 AUS KOPIENICA<\/strong>[\/vc_column_text][vc_column_text]Meine Frau und ich beschlossen, mit Ihnen unsere Gedanken zum Thema MyHealth-Wasser zu teilen.<br \/>\nWir sind beide 45 Jahre alt und betreiben verschiedene Sportarten, unsere Trainings sind intensiv und finden mindestens f\u00fcnfmal pro Woche statt. Vor etwa vier Jahren tranken wir das erw\u00e4hnte Wasser etwa ein Jahr lang. Dann folgte eine Pause und schon nach kurzer Zeit merkten wir, was f\u00fcr eine wohltuende Wirkung es auf unsere K\u00f6rper hatte, worauf wir vorher nicht geachtet hatten. Tags\u00fcber trank ich gew\u00f6hnlich etwa 5-6 Liter gew\u00f6hnliches Wasser (ich trinke nur Wasser). \u2013 Ich trinke nur etwa 3 Liter MyHealth-Wasser!!! Unsere k\u00f6rperliche Ausdauer hat sich unglaublich verbessert \u2013 so sehr, dass ich vorhabe, an einem der schwierigsten Wettk\u00e4mpfe der Welt teilzunehmen: dem IRONMAN-Triathlon-Wettbewerb in Nizza. Meine Frau und ich stehen seit mehreren Jahren unter st\u00e4ndiger Betreuung eines Magen-Darm-Arztes, und ich musste zweimal t\u00e4glich verschiedene Medikamente einnehmen, in manchen Zeitr\u00e4umen sogar bis zu dreimal t\u00e4glich. Seit einigen Monaten nehme ich nur noch morgens 1 Medikament in einer kleinen Dosis ein, und auch bei meiner Frau ist eine erstaunliche Besserung eingetreten. Dar\u00fcber hinaus hat das MyHealth-Wasser die Immunkraft unserer ganzen Familie gest\u00e4rkt \u2013 in dieser Herbst-\/Wintersaison ist keines von unseren f\u00fcnf Kindern auch nur ein einziges Mal krank geworden (Kinder sind 10,7 und6 Jahre alt), und das ist noch nie passiert! Der Geschmack ist dabei auch nicht unwichtig, weil dieses Wasser einfach lecker ist und Kinder es trinken wollen (was bei kleinen Kindern nicht so offensichtlich ist, und wer Kinder hat, wei\u00df es).<br \/>\nWir empfehlen es Ihnen mit aufrichtiger \u00dcberzeugung.<br \/>\n[\/vc_column_text][vc_separator color=&#8221;blue&#8221;][vc_column_text]<strong>BARBARA AUS GLEIWITZ<\/strong>[\/vc_column_text][vc_column_text]Ich bin 74 Jahre alt und k\u00e4mpfe seit \u00fcber 1 Jahr mit l\u00e4stigem Sodbrennen und \u00dcbers\u00e4uerung des Magens und den damit verbundenen Beschwerden des so genannten Reizdarmsyndroms. Da eine strenge Di\u00e4t nicht half, war ich gezwungen, st\u00e4ndig viele Medikamente gegen Magenbeschwerden einzunehmen, damit ich ein einigerma\u00dfen normales Leben f\u00fchren konnte. Als mich vor \u00fcber 11 Monaten ein Freund \u00fcberredete, regelm\u00e4\u00dfig strukturiertes MyHealth-Wasser mit Sauerstoff zu trinken, glaubte ich nicht an Wunder, aber ich beschloss, es zu riskieren, weil ich nicht viel zu verlieren hatte! \u2013 Nachdem ich fast 3 Monate lang t\u00e4glich 1,5-2 Liter dieses Wassers getrunken hatte, begann meine Entscheidung allm\u00e4hlich erste Ergebnisse zu bringen. Statt die typische Verschlimmerung meiner Beschwerden im Herbst\/Fr\u00fchjahr-Zeitraum zu erleben, die in der Regel eine intensivierte pharmakologische Therapie erforderten, konnte ich die Medikamentendosis allm\u00e4hlich herabsetzen, und seit mehr als 5 Monaten nehme ich keine Tabletten gegen Sodbrennen mehr ein, weil alles einfach verschwunden ist! \u2013 Dar\u00fcber hinaus hatte ich zum ersten Mal in dieser Herbst-Winter-Saison keine Erk\u00e4ltung, nicht einmal einen Schnupfen! Ich bin sehr gl\u00fccklich, weil der Magen-Darm-Arzt mich gewarnt hatte, dass jedes Medikament Nebenwirkungen hat, und jetzt kann ich sicher und aktiv leben, wenn ich mein Wasser trinke, was mich auch in ausgezeichneter geistiger und k\u00f6rperlicher Verfassung h\u00e4lt (z.B. verlasse ich mehrmals t\u00e4glich meine Wohnung im 4. Stock und steige jedes Mal munter die Treppe wieder hinauf).<br \/>\nIch empfehle jedem die nat\u00fcrliche Unterst\u00fctzung seiner Gesundheit mit strukturiertem und mit Sauerstoff angereichertem MyHealth-Wasser!<br \/>\n[\/vc_column_text][vc_separator color=&#8221;blue&#8221;][vc_column_text]<strong>RYSZARD AUS KATOWICE, 59 JAHRE <\/strong>[\/vc_column_text][vc_column_text]Ich arbeite seit 35 Jahren k\u00f6rperlich als Masseur. Nach etwa 15 Jahren Arbeit sp\u00fcrte ich die ersten Probleme und Beschwerden: Beinschmerzen, H\u00e4morrhoiden, die zunehmende t\u00e4gliche Erm\u00fcdung und \u00dcbers\u00e4uerung der Muskeln, Schwierigkeiten bei der Regeneration. Dies f\u00fchrte zu einer fortschreitenden Abneigung gegen aktive Freizeitgestaltung an Wochenenden, was wiederum in Verbindung mit chaotischer, ungesunder Ern\u00e4hrung und Borreliose-Symptomen mein Burnout-Syndrom von Jahr zu Jahr verst\u00e4rkte. Damals, vor etwa 8 Jahren, stie\u00df ich auf das strukturierte Wasser mit dem Markennamen &#8220;G\u00f3rski Potok&#8221; plus tlen (Gebirgsbach plus Sauerstoff), das heute unter der Marke &#8220;MyHealth&#8221; auftritt und das mein Leben ver\u00e4nderte. Schon nachdem ich die erste Flasche dieses Wassers getrunken hatte, sp\u00fcrte ich ein seltsames, aber angenehmes Brennen auf beiden Wangen, was bei keinem anderen Wasser der Fall war! Als ich mehr Flaschen Wasser trank, bemerkte ich, dass meine M\u00fcdigkeit verschwand, dass ich intensiv dunklen Urin ausscheiden musste und dass meine Stimmung sich deutlich verbessert hatte! Es war ein so w\u00fcnschenswertes, aber unerwartetes Gef\u00fchl, dass ich mich immer daran erinnern werde! \u2013 Nach nicht langer Zeit verschwanden auch meine Wadenschwellungen und die Probleme mit den H\u00e4morrhoiden, und nach 5 Jahren Pause kehrte die Freude am Ski- und Radfahren zur\u00fcck! \u2013 Als ich \u00fcber 2 Jahre lang keinen Zugang zu diesem Wasser hatte, kehrte mein Alptraum zur\u00fcck, seit einem Jahr trinke ich jedoch t\u00e4glich wieder 1-3 Liter MyHealth-Wasser und f\u00fchle mich gro\u00dfartig \u2013 ich bin in bester k\u00f6rperlicher und geistiger Verfassung und erk\u00e4lte mich nicht einmal! Ich kann dieses Wasser jedem herzlich empfehlen, dieses Wasser ist der wahre Geschmack der Gesundheit![\/vc_column_text][vc_separator color=&#8221;blue&#8221;][vc_column_text]<strong>ALEKSANDRA AUS GLEIWITZ, 78 JAHRE<\/strong>[\/vc_column_text][vc_column_text]Ich trank mehrere Jahre lang regelm\u00e4\u00dfig strukturiertes und mit Sauerstoff angereichertes Wasser, aber aufgrund einer Versorgungsunterbrechung von fast 4 Jahren hatte ich keinen Zugang dazu. \u2013 Mit Zufriedenheit nahm ich zur Kenntnis, dass dieses Produkt wieder auf dem Lebensmittelmarkt pr\u00e4sent war, da ich mich in der vergangenen Zeit immer schlechter und schlechter f\u00fchlte!<br \/>\nIch bin eine starke Bef\u00fcrworterin des MyHealth-Trinkwassers, denn seitdem ich es wieder regelm\u00e4\u00dfig zu mir nehme, sp\u00fcre ich eine deutliche Verbesserung meiner k\u00f6rperlichen und geistigen Leistungsf\u00e4higkeit und erk\u00e4lte mich \u00fcberhaupt nicht, obwohl ich mehrmals am Tag ausgehe. Da ich schon im fortgeschrittenen Alter bin, sch\u00e4tze ich das reibungslose Funktionieren des Verdauungssystems und der Harnwege, ohne Verstopfungen und Schwellungen, an denen ich fr\u00fcher oft litt.<br \/>\nDieser Lebenskomfort wird dadurch sichergestellt, dass ich regelm\u00e4\u00dfig mein Lieblingswasser trinke, wobei ich fast keine Medikamente einnehmen muss, abgesehen von ein wenig Schilddr\u00fcsenunterst\u00fctzung wegen der Hashimoto-Krankheit!<br \/>\n\u2013 Ich empfehle es allen, die sich um ihre Gesundheit und Fitness k\u00fcmmern!<br \/>\n[\/vc_column_text][vc_separator color=&#8221;blue&#8221;][vc_column_text]<strong>ZBIGNIEW MIERZWI\u0143SKI AUS KATOWICE, 44 JAHRE<\/strong>[\/vc_column_text][vc_column_text]Ein Freund erz\u00e4hlte mir von MyHealth-Wasser, und ich trinke es seit \u00fcber 6 Monaten regelm\u00e4\u00dfig.<br \/>\nIm Vergleich zum fr\u00fcher konsumierten Wasser habe ich bemerkt, dass dieses Wasser viel st\u00e4rker meinen Durst l\u00f6scht, als w\u00fcrde mein K\u00f6rper besser mit Wasser versorgt werden (ich esse auch einfachere Gerichte und schr\u00e4nke den Verzehr von Kohlenhydraten ein). \u2013 Der Geschmack dieses Wassers ist &#8220;rein&#8221;. Obwohl ich fr\u00fcher eine Vielzahl von W\u00e4ssern mit und ohne Kohlens\u00e4ure trank, hatte jedes, zu dem ich Zugang hatte, seinen eigenen spezifischen Geschmack, aber an diesem Wasser gef\u00e4llt mir der Mangel an Geschmack!<br \/>\nEin erh\u00f6hter Sauerstoffgehalt bedeutet auch eine bessere Entschlackung des K\u00f6rpers und damit eine bessere Gesundheit. \u2013 Dieses Wasser unterst\u00fctzt bei mir eine gesunde Ern\u00e4hrung und f\u00f6rdert besseren Schlaf, ich konsumiere auch keine Genussmittel mehr. \u2013 Ich beobachte bei mir auch eine bessere Stimmung und habe mehr Kraft, auch die Bluttestergebnisse haben sich verbessert.<br \/>\nEmpfehlenswert!<br \/>\n[\/vc_column_text][\/vc_column][\/vc_row]\n","protected":false},"excerpt":{"rendered":"<p>[vc_row][vc_column][vc_column_text]Natalia Partyka, 31 Jahre \u2013 viermalige paralympische Tischtennismeisterin.[\/vc_column_text][vc_column_text]Zus\u00e4tzlich zu dem, was ich w\u00e4hrend des Trainings trinke (Elektrolyt- und Energiemischungen), versuche ich jeden Tag, meinen K\u00f6rper mit mindestens 2 Litern Wasser zu versorgen. Ich gebe zu, dass es mir nicht immer gelingt und ich trinke sehr oft ein wenig oder weniger<\/p>\n","protected":false},"author":1,"featured_media":0,"parent":0,"menu_order":0,"comment_status":"closed","ping_status":"closed","template":"","meta":{"footnotes":""},"class_list":["post-2574","page","type-page","status-publish","hentry"],"yoast_head":"<!-- This site is optimized with the Yoast SEO plugin v27.6 - https:\/\/yoast.com\/product\/yoast-seo-wordpress\/ -->\n<title>Bewertungen - My Health<\/title>\n<meta name=\"robots\" content=\"index, follow, max-snippet:-1, max-image-preview:large, max-video-preview:-1\" \/>\n<link rel=\"canonical\" href=\"https:\/\/myhealth-water.com\/de\/bewertungen\/\" \/>\n<meta property=\"og:locale\" content=\"de_DE\" \/>\n<meta property=\"og:type\" content=\"article\" \/>\n<meta property=\"og:title\" content=\"Bewertungen - My Health\" \/>\n<meta property=\"og:description\" content=\"[vc_row][vc_column][vc_column_text]Natalia Partyka, 31 Jahre \u2013 viermalige paralympische Tischtennismeisterin.[\/vc_column_text][vc_column_text]Zus\u00e4tzlich zu dem, was ich w\u00e4hrend des Trainings trinke (Elektrolyt- und Energiemischungen), versuche ich jeden Tag, meinen K\u00f6rper mit mindestens 2 Litern Wasser zu versorgen. Ich gebe zu, dass es mir nicht immer gelingt und ich trinke sehr oft ein wenig oder weniger\" \/>\n<meta property=\"og:url\" content=\"https:\/\/myhealth-water.com\/de\/bewertungen\/\" \/>\n<meta property=\"og:site_name\" content=\"My Health\" \/>\n<meta property=\"article:modified_time\" content=\"2020-09-21T11:23:07+00:00\" \/>\n<meta property=\"og:image\" content=\"http:\/\/myhealth-water.com\/wp-content\/uploads\/2020\/08\/IMG_1445_wynik.jpg\" \/>\n<meta name=\"twitter:card\" content=\"summary_large_image\" \/>\n<meta name=\"twitter:label1\" content=\"Gesch\u00e4tzte Lesezeit\" \/>\n\t<meta name=\"twitter:data1\" content=\"7\u00a0Minuten\" \/>\n<script type=\"application\/ld+json\" class=\"yoast-schema-graph\">{\"@context\":\"https:\\\/\\\/schema.org\",\"@graph\":[{\"@type\":\"WebPage\",\"@id\":\"https:\\\/\\\/myhealth-water.com\\\/de\\\/bewertungen\\\/\",\"url\":\"https:\\\/\\\/myhealth-water.com\\\/de\\\/bewertungen\\\/\",\"name\":\"Bewertungen - My Health\",\"isPartOf\":{\"@id\":\"https:\\\/\\\/myhealth-water.com\\\/de\\\/#website\"},\"primaryImageOfPage\":{\"@id\":\"https:\\\/\\\/myhealth-water.com\\\/de\\\/bewertungen\\\/#primaryimage\"},\"image\":{\"@id\":\"https:\\\/\\\/myhealth-water.com\\\/de\\\/bewertungen\\\/#primaryimage\"},\"thumbnailUrl\":\"http:\\\/\\\/myhealth-water.com\\\/wp-content\\\/uploads\\\/2020\\\/08\\\/IMG_1445_wynik.jpg\",\"datePublished\":\"2020-09-18T07:16:53+00:00\",\"dateModified\":\"2020-09-21T11:23:07+00:00\",\"breadcrumb\":{\"@id\":\"https:\\\/\\\/myhealth-water.com\\\/de\\\/bewertungen\\\/#breadcrumb\"},\"inLanguage\":\"de\",\"potentialAction\":[{\"@type\":\"ReadAction\",\"target\":[\"https:\\\/\\\/myhealth-water.com\\\/de\\\/bewertungen\\\/\"]}]},{\"@type\":\"ImageObject\",\"inLanguage\":\"de\",\"@id\":\"https:\\\/\\\/myhealth-water.com\\\/de\\\/bewertungen\\\/#primaryimage\",\"url\":\"http:\\\/\\\/myhealth-water.com\\\/wp-content\\\/uploads\\\/2020\\\/08\\\/IMG_1445_wynik.jpg\",\"contentUrl\":\"http:\\\/\\\/myhealth-water.com\\\/wp-content\\\/uploads\\\/2020\\\/08\\\/IMG_1445_wynik.jpg\"},{\"@type\":\"BreadcrumbList\",\"@id\":\"https:\\\/\\\/myhealth-water.com\\\/de\\\/bewertungen\\\/#breadcrumb\",\"itemListElement\":[{\"@type\":\"ListItem\",\"position\":1,\"name\":\"Start\",\"item\":\"https:\\\/\\\/myhealth-water.com\\\/de\\\/\"},{\"@type\":\"ListItem\",\"position\":2,\"name\":\"Bewertungen\"}]},{\"@type\":\"WebSite\",\"@id\":\"https:\\\/\\\/myhealth-water.com\\\/de\\\/#website\",\"url\":\"https:\\\/\\\/myhealth-water.com\\\/de\\\/\",\"name\":\"My Health\",\"description\":\"Kolejna witryna oparta na WordPressie\",\"potentialAction\":[{\"@type\":\"SearchAction\",\"target\":{\"@type\":\"EntryPoint\",\"urlTemplate\":\"https:\\\/\\\/myhealth-water.com\\\/de\\\/?s={search_term_string}\"},\"query-input\":{\"@type\":\"PropertyValueSpecification\",\"valueRequired\":true,\"valueName\":\"search_term_string\"}}],\"inLanguage\":\"de\"}]}<\/script>\n<!-- \/ Yoast SEO plugin. -->","yoast_head_json":{"title":"Bewertungen - My Health","robots":{"index":"index","follow":"follow","max-snippet":"max-snippet:-1","max-image-preview":"max-image-preview:large","max-video-preview":"max-video-preview:-1"},"canonical":"https:\/\/myhealth-water.com\/de\/bewertungen\/","og_locale":"de_DE","og_type":"article","og_title":"Bewertungen - My Health","og_description":"[vc_row][vc_column][vc_column_text]Natalia Partyka, 31 Jahre \u2013 viermalige paralympische Tischtennismeisterin.[\/vc_column_text][vc_column_text]Zus\u00e4tzlich zu dem, was ich w\u00e4hrend des Trainings trinke (Elektrolyt- und Energiemischungen), versuche ich jeden Tag, meinen K\u00f6rper mit mindestens 2 Litern Wasser zu versorgen. Ich gebe zu, dass es mir nicht immer gelingt und ich trinke sehr oft ein wenig oder weniger","og_url":"https:\/\/myhealth-water.com\/de\/bewertungen\/","og_site_name":"My Health","article_modified_time":"2020-09-21T11:23:07+00:00","og_image":[{"url":"http:\/\/myhealth-water.com\/wp-content\/uploads\/2020\/08\/IMG_1445_wynik.jpg","type":"","width":"","height":""}],"twitter_card":"summary_large_image","twitter_misc":{"Gesch\u00e4tzte Lesezeit":"7\u00a0Minuten"},"schema":{"@context":"https:\/\/schema.org","@graph":[{"@type":"WebPage","@id":"https:\/\/myhealth-water.com\/de\/bewertungen\/","url":"https:\/\/myhealth-water.com\/de\/bewertungen\/","name":"Bewertungen - My Health","isPartOf":{"@id":"https:\/\/myhealth-water.com\/de\/#website"},"primaryImageOfPage":{"@id":"https:\/\/myhealth-water.com\/de\/bewertungen\/#primaryimage"},"image":{"@id":"https:\/\/myhealth-water.com\/de\/bewertungen\/#primaryimage"},"thumbnailUrl":"http:\/\/myhealth-water.com\/wp-content\/uploads\/2020\/08\/IMG_1445_wynik.jpg","datePublished":"2020-09-18T07:16:53+00:00","dateModified":"2020-09-21T11:23:07+00:00","breadcrumb":{"@id":"https:\/\/myhealth-water.com\/de\/bewertungen\/#breadcrumb"},"inLanguage":"de","potentialAction":[{"@type":"ReadAction","target":["https:\/\/myhealth-water.com\/de\/bewertungen\/"]}]},{"@type":"ImageObject","inLanguage":"de","@id":"https:\/\/myhealth-water.com\/de\/bewertungen\/#primaryimage","url":"http:\/\/myhealth-water.com\/wp-content\/uploads\/2020\/08\/IMG_1445_wynik.jpg","contentUrl":"http:\/\/myhealth-water.com\/wp-content\/uploads\/2020\/08\/IMG_1445_wynik.jpg"},{"@type":"BreadcrumbList","@id":"https:\/\/myhealth-water.com\/de\/bewertungen\/#breadcrumb","itemListElement":[{"@type":"ListItem","position":1,"name":"Start","item":"https:\/\/myhealth-water.com\/de\/"},{"@type":"ListItem","position":2,"name":"Bewertungen"}]},{"@type":"WebSite","@id":"https:\/\/myhealth-water.com\/de\/#website","url":"https:\/\/myhealth-water.com\/de\/","name":"My Health","description":"Kolejna witryna oparta na WordPressie","potentialAction":[{"@type":"SearchAction","target":{"@type":"EntryPoint","urlTemplate":"https:\/\/myhealth-water.com\/de\/?s={search_term_string}"},"query-input":{"@type":"PropertyValueSpecification","valueRequired":true,"valueName":"search_term_string"}}],"inLanguage":"de"}]}},"_links":{"self":[{"href":"https:\/\/myhealth-water.com\/de\/wp-json\/wp\/v2\/pages\/2574","targetHints":{"allow":["GET"]}}],"collection":[{"href":"https:\/\/myhealth-water.com\/de\/wp-json\/wp\/v2\/pages"}],"about":[{"href":"https:\/\/myhealth-water.com\/de\/wp-json\/wp\/v2\/types\/page"}],"author":[{"embeddable":true,"href":"https:\/\/myhealth-water.com\/de\/wp-json\/wp\/v2\/users\/1"}],"replies":[{"embeddable":true,"href":"https:\/\/myhealth-water.com\/de\/wp-json\/wp\/v2\/comments?post=2574"}],"version-history":[{"count":18,"href":"https:\/\/myhealth-water.com\/de\/wp-json\/wp\/v2\/pages\/2574\/revisions"}],"predecessor-version":[{"id":2682,"href":"https:\/\/myhealth-water.com\/de\/wp-json\/wp\/v2\/pages\/2574\/revisions\/2682"}],"wp:attachment":[{"href":"https:\/\/myhealth-water.com\/de\/wp-json\/wp\/v2\/media?parent=2574"}],"curies":[{"name":"wp","href":"https:\/\/api.w.org\/{rel}","templated":true}]}}