{"id":1985,"date":"2019-12-18T08:31:48","date_gmt":"2020-07-16T13:10:42","guid":{"rendered":"http:\/\/myhealth-water.com\/?post_type=product&#038;p=1985"},"modified":"2022-03-29T09:20:11","modified_gmt":"2022-03-29T07:20:11","slug":"grosses-oekologisches-paket","status":"publish","type":"product","link":"https:\/\/myhealth-water.com\/de\/produkt\/grosses-oekologisches-paket\/","title":{"rendered":"Gro\u00dfes \u00f6kologisches Paket"},"content":{"rendered":"<p>Es besteht aus 24 Glasverpackungen mit einem Fassungsverm\u00f6gen von 0,7 Liter, verpackt in Pappkartons mit Lieferung von T\u00fcr zu T\u00fcr.<\/p>\n<h2>Anwendung:<\/h2>\n<ul>\n<li>GESUNDHEITSPROPHYLAXE<\/li>\n<li>Unterst\u00fctzung der Therapie bei vielen Krankheiten der modernen Welt<\/li>\n<li>Zust\u00e4nde der Rehabilitation und Rekonvaleszenz, Therapien bei verschiedenen Vergiftungen<\/li>\n<li>erh\u00f6hte k\u00f6rperliche und geistige Aktivit\u00e4t, Sporttraining<\/li>\n<li>im Entwicklungsalter von Kindern und Jugendlichen<\/li>\n<li><strong>F\u00fcr Ihr Wohlbefinden<\/strong><\/li>\n<\/ul>\n","protected":false},"excerpt":{"rendered":"<p>Es besteht aus 24 Glasverpackungen mit einem Fassungsverm\u00f6gen von 0,7 Liter, verpackt in Pappkartons mit Lieferung von T\u00fcr zu T\u00fcr.<\/p>\n<h2>Anwendung:<\/h2>\n<ul>\n<li>GESUNDHEITSPROPHYLAXE<\/li>\n<li>Unterst\u00fctzung der Therapie bei vielen Krankheiten der modernen Welt<\/li>\n<li>Zust\u00e4nde der Rehabilitation und Rekonvaleszenz, Therapien bei verschiedenen Vergiftungen<\/li>\n<li>erh\u00f6hte k\u00f6rperliche und geistige Aktivit\u00e4t, Sporttraining<\/li>\n<li>im Entwicklungsalter von Kindern und Jugendlichen<\/li>\n<li><strong>F\u00fcr Ihr Wohlbefinden<\/strong><\/li>\n<\/ul>\n","protected":false},"featured_media":1977,"comment_status":"open","ping_status":"closed","template":"","meta":[],"product_brand":[],"product_cat":[112],"product_tag":[],"class_list":{"0":"post-1985","1":"product","2":"type-product","3":"status-publish","4":"has-post-thumbnail","6":"product_cat-geschaft-de","8":"first","9":"instock","10":"taxable","11":"shipping-taxable","12":"purchasable","13":"product-type-simple"},"yoast_head":"<!-- This site is optimized with the Yoast SEO plugin v27.6 - https:\/\/yoast.com\/product\/yoast-seo-wordpress\/ -->\n<title>Gro\u00dfes \u00f6kologisches Paket - My Health<\/title>\n<meta name=\"robots\" content=\"index, follow, max-snippet:-1, max-image-preview:large, max-video-preview:-1\" \/>\n<link rel=\"canonical\" href=\"https:\/\/myhealth-water.com\/de\/produkt\/grosses-oekologisches-paket\/\" \/>\n<meta property=\"og:locale\" content=\"de_DE\" \/>\n<meta property=\"og:type\" content=\"article\" \/>\n<meta property=\"og:title\" content=\"Gro\u00dfes \u00f6kologisches Paket - My Health\" \/>\n<meta property=\"og:description\" content=\"Es besteht aus 24 Glasverpackungen mit einem Fassungsverm\u00f6gen von 0,7 Liter, verpackt in Pappkartons mit Lieferung von T\u00fcr zu T\u00fcr. Anwendung:   GESUNDHEITSPROPHYLAXE  Unterst\u00fctzung der Therapie bei vielen Krankheiten der modernen Welt  Zust\u00e4nde der Rehabilitation und Rekonvaleszenz, Therapien bei verschiedenen Vergiftungen  erh\u00f6hte k\u00f6rperliche und geistige Aktivit\u00e4t, Sporttraining  im Entwicklungsalter von Kindern und Jugendlichen  F\u00fcr Ihr Wohlbefinden\" \/>\n<meta property=\"og:url\" content=\"https:\/\/myhealth-water.com\/de\/produkt\/grosses-oekologisches-paket\/\" \/>\n<meta property=\"og:site_name\" content=\"My Health\" \/>\n<meta property=\"article:modified_time\" content=\"2022-03-29T07:20:11+00:00\" \/>\n<meta property=\"og:image\" content=\"https:\/\/myhealth-water.com\/wp-content\/uploads\/2019\/12\/glass-07.jpg\" \/>\n\t<meta property=\"og:image:width\" content=\"512\" \/>\n\t<meta property=\"og:image:height\" content=\"512\" \/>\n\t<meta property=\"og:image:type\" content=\"image\/jpeg\" \/>\n<meta name=\"twitter:card\" content=\"summary_large_image\" \/>\n<script type=\"application\/ld+json\" class=\"yoast-schema-graph\">{\"@context\":\"https:\\\/\\\/schema.org\",\"@graph\":[{\"@type\":\"WebPage\",\"@id\":\"https:\\\/\\\/myhealth-water.com\\\/de\\\/produkt\\\/grosses-oekologisches-paket\\\/\",\"url\":\"https:\\\/\\\/myhealth-water.com\\\/de\\\/produkt\\\/grosses-oekologisches-paket\\\/\",\"name\":\"Gro\u00dfes \u00f6kologisches Paket - My Health\",\"isPartOf\":{\"@id\":\"https:\\\/\\\/myhealth-water.com\\\/de\\\/#website\"},\"primaryImageOfPage\":{\"@id\":\"https:\\\/\\\/myhealth-water.com\\\/de\\\/produkt\\\/grosses-oekologisches-paket\\\/#primaryimage\"},\"image\":{\"@id\":\"https:\\\/\\\/myhealth-water.com\\\/de\\\/produkt\\\/grosses-oekologisches-paket\\\/#primaryimage\"},\"thumbnailUrl\":\"https:\\\/\\\/myhealth-water.com\\\/wp-content\\\/uploads\\\/2019\\\/12\\\/glass-07.jpg\",\"datePublished\":\"2020-07-16T13:10:42+00:00\",\"dateModified\":\"2022-03-29T07:20:11+00:00\",\"breadcrumb\":{\"@id\":\"https:\\\/\\\/myhealth-water.com\\\/de\\\/produkt\\\/grosses-oekologisches-paket\\\/#breadcrumb\"},\"inLanguage\":\"de\",\"potentialAction\":[{\"@type\":\"ReadAction\",\"target\":[\"https:\\\/\\\/myhealth-water.com\\\/de\\\/produkt\\\/grosses-oekologisches-paket\\\/\"]}]},{\"@type\":\"ImageObject\",\"inLanguage\":\"de\",\"@id\":\"https:\\\/\\\/myhealth-water.com\\\/de\\\/produkt\\\/grosses-oekologisches-paket\\\/#primaryimage\",\"url\":\"https:\\\/\\\/myhealth-water.com\\\/wp-content\\\/uploads\\\/2019\\\/12\\\/glass-07.jpg\",\"contentUrl\":\"https:\\\/\\\/myhealth-water.com\\\/wp-content\\\/uploads\\\/2019\\\/12\\\/glass-07.jpg\",\"width\":512,\"height\":512},{\"@type\":\"BreadcrumbList\",\"@id\":\"https:\\\/\\\/myhealth-water.com\\\/de\\\/produkt\\\/grosses-oekologisches-paket\\\/#breadcrumb\",\"itemListElement\":[{\"@type\":\"ListItem\",\"position\":1,\"name\":\"Start\",\"item\":\"https:\\\/\\\/myhealth-water.com\\\/de\\\/\"},{\"@type\":\"ListItem\",\"position\":2,\"name\":\"Gesch\u00e4ft\",\"item\":\"https:\\\/\\\/myhealth-water.com\\\/de\\\/geschaeft\\\/\"},{\"@type\":\"ListItem\",\"position\":3,\"name\":\"Gro\u00dfes \u00f6kologisches Paket\"}]},{\"@type\":\"WebSite\",\"@id\":\"https:\\\/\\\/myhealth-water.com\\\/de\\\/#website\",\"url\":\"https:\\\/\\\/myhealth-water.com\\\/de\\\/\",\"name\":\"My Health\",\"description\":\"Kolejna witryna oparta na WordPressie\",\"potentialAction\":[{\"@type\":\"SearchAction\",\"target\":{\"@type\":\"EntryPoint\",\"urlTemplate\":\"https:\\\/\\\/myhealth-water.com\\\/de\\\/?s={search_term_string}\"},\"query-input\":{\"@type\":\"PropertyValueSpecification\",\"valueRequired\":true,\"valueName\":\"search_term_string\"}}],\"inLanguage\":\"de\"}]}<\/script>\n<!-- \/ Yoast SEO plugin. -->","yoast_head_json":{"title":"Gro\u00dfes \u00f6kologisches Paket - My Health","robots":{"index":"index","follow":"follow","max-snippet":"max-snippet:-1","max-image-preview":"max-image-preview:large","max-video-preview":"max-video-preview:-1"},"canonical":"https:\/\/myhealth-water.com\/de\/produkt\/grosses-oekologisches-paket\/","og_locale":"de_DE","og_type":"article","og_title":"Gro\u00dfes \u00f6kologisches Paket - My Health","og_description":"Es besteht aus 24 Glasverpackungen mit einem Fassungsverm\u00f6gen von 0,7 Liter, verpackt in Pappkartons mit Lieferung von T\u00fcr zu T\u00fcr. Anwendung:   GESUNDHEITSPROPHYLAXE  Unterst\u00fctzung der Therapie bei vielen Krankheiten der modernen Welt  Zust\u00e4nde der Rehabilitation und Rekonvaleszenz, Therapien bei verschiedenen Vergiftungen  erh\u00f6hte k\u00f6rperliche und geistige Aktivit\u00e4t, Sporttraining  im Entwicklungsalter von Kindern und Jugendlichen  F\u00fcr Ihr Wohlbefinden","og_url":"https:\/\/myhealth-water.com\/de\/produkt\/grosses-oekologisches-paket\/","og_site_name":"My Health","article_modified_time":"2022-03-29T07:20:11+00:00","og_image":[{"width":512,"height":512,"url":"https:\/\/myhealth-water.com\/wp-content\/uploads\/2019\/12\/glass-07.jpg","type":"image\/jpeg"}],"twitter_card":"summary_large_image","schema":{"@context":"https:\/\/schema.org","@graph":[{"@type":"WebPage","@id":"https:\/\/myhealth-water.com\/de\/produkt\/grosses-oekologisches-paket\/","url":"https:\/\/myhealth-water.com\/de\/produkt\/grosses-oekologisches-paket\/","name":"Gro\u00dfes \u00f6kologisches Paket - My Health","isPartOf":{"@id":"https:\/\/myhealth-water.com\/de\/#website"},"primaryImageOfPage":{"@id":"https:\/\/myhealth-water.com\/de\/produkt\/grosses-oekologisches-paket\/#primaryimage"},"image":{"@id":"https:\/\/myhealth-water.com\/de\/produkt\/grosses-oekologisches-paket\/#primaryimage"},"thumbnailUrl":"https:\/\/myhealth-water.com\/wp-content\/uploads\/2019\/12\/glass-07.jpg","datePublished":"2020-07-16T13:10:42+00:00","dateModified":"2022-03-29T07:20:11+00:00","breadcrumb":{"@id":"https:\/\/myhealth-water.com\/de\/produkt\/grosses-oekologisches-paket\/#breadcrumb"},"inLanguage":"de","potentialAction":[{"@type":"ReadAction","target":["https:\/\/myhealth-water.com\/de\/produkt\/grosses-oekologisches-paket\/"]}]},{"@type":"ImageObject","inLanguage":"de","@id":"https:\/\/myhealth-water.com\/de\/produkt\/grosses-oekologisches-paket\/#primaryimage","url":"https:\/\/myhealth-water.com\/wp-content\/uploads\/2019\/12\/glass-07.jpg","contentUrl":"https:\/\/myhealth-water.com\/wp-content\/uploads\/2019\/12\/glass-07.jpg","width":512,"height":512},{"@type":"BreadcrumbList","@id":"https:\/\/myhealth-water.com\/de\/produkt\/grosses-oekologisches-paket\/#breadcrumb","itemListElement":[{"@type":"ListItem","position":1,"name":"Start","item":"https:\/\/myhealth-water.com\/de\/"},{"@type":"ListItem","position":2,"name":"Gesch\u00e4ft","item":"https:\/\/myhealth-water.com\/de\/geschaeft\/"},{"@type":"ListItem","position":3,"name":"Gro\u00dfes \u00f6kologisches Paket"}]},{"@type":"WebSite","@id":"https:\/\/myhealth-water.com\/de\/#website","url":"https:\/\/myhealth-water.com\/de\/","name":"My Health","description":"Kolejna witryna oparta na WordPressie","potentialAction":[{"@type":"SearchAction","target":{"@type":"EntryPoint","urlTemplate":"https:\/\/myhealth-water.com\/de\/?s={search_term_string}"},"query-input":{"@type":"PropertyValueSpecification","valueRequired":true,"valueName":"search_term_string"}}],"inLanguage":"de"}]}},"_links":{"self":[{"href":"https:\/\/myhealth-water.com\/de\/wp-json\/wp\/v2\/product\/1985","targetHints":{"allow":["GET"]}}],"collection":[{"href":"https:\/\/myhealth-water.com\/de\/wp-json\/wp\/v2\/product"}],"about":[{"href":"https:\/\/myhealth-water.com\/de\/wp-json\/wp\/v2\/types\/product"}],"replies":[{"embeddable":true,"href":"https:\/\/myhealth-water.com\/de\/wp-json\/wp\/v2\/comments?post=1985"}],"wp:featuredmedia":[{"embeddable":true,"href":"https:\/\/myhealth-water.com\/de\/wp-json\/wp\/v2\/media\/1977"}],"wp:attachment":[{"href":"https:\/\/myhealth-water.com\/de\/wp-json\/wp\/v2\/media?parent=1985"}],"wp:term":[{"taxonomy":"product_brand","embeddable":true,"href":"https:\/\/myhealth-water.com\/de\/wp-json\/wp\/v2\/product_brand?post=1985"},{"taxonomy":"product_cat","embeddable":true,"href":"https:\/\/myhealth-water.com\/de\/wp-json\/wp\/v2\/product_cat?post=1985"},{"taxonomy":"product_tag","embeddable":true,"href":"https:\/\/myhealth-water.com\/de\/wp-json\/wp\/v2\/product_tag?post=1985"}],"curies":[{"name":"wp","href":"https:\/\/api.w.org\/{rel}","templated":true}]}}