{"id":1799,"date":"2020-07-15T15:29:24","date_gmt":"2020-07-15T13:29:24","guid":{"rendered":"http:\/\/myhealth-water.com\/?page_id=1799"},"modified":"2020-07-15T15:30:04","modified_gmt":"2020-07-15T13:30:04","slug":"research_observation","status":"publish","type":"page","link":"https:\/\/myhealth-water.com\/en\/about-the-product\/research_observation\/","title":{"rendered":"Research and observation"},"content":{"rendered":"[vc_row][vc_column][vc_column_text]\n<h2>Review\u00a0of research on the biological activity of structured water naturally enriched with oxygen (formerly: Mountain Brook plus Oxygen)<\/h2>\n<p>Inspired by published reports and personal reviews of German consumers of water naturally enriched with oxygen, we decided to test the real impact of regular consumption of such a product on physiological functions and metabolic parameters of the human body with scientifically recognized methods.<\/p>\n<p>In 2010, a complex prototype scientific and research installation was constructed for the structuring and saturation of drinking water (both spring and mineral) with low production potential. The research was led by \u00a0an outstanding scientist and inventor, prof. Dr. Ing.\/Princeton Christian Hechtl, with an innovative contribution of Polish technical thought and medical knowledge based on the laws of quantum physics.<\/p>\n<p>In the years 2011-2012, the first randomized medical observations about \u00a0the impact of this water on the human body \u00a0staying in the health spas on rehabilitation treatments due to motor organ disorders were conducted led by \u00a0Professor Aleksander Siero\u0144, the then Chair of the Department of Internal Diseases, Angiology and Physical Medicine of the Medical University of Silesia in Katowice.\u00a0 The subjects \u00a0consumed minimum \u00a01.5 litres of structured water with increased oxygen content daily for 3-4 weeks (some people up to 2.5\u00a0 litres\/day), as well as coffee, tea or beer as they liked. Among both, \u00a0patients drinking \u00a0structured water (test group equal to 51 people) and those drinking ordinary water from the same source (control group equal to 41 people), some positive well-being changes were observed due to the fact that the body was well hydrated. \u00a0They also showed a significant improvement of numerous physiological functions such as sleep, bowel movements, urination, physical and mental condition. In addition, more\u00a0effective analgesic rehabilitation was observed amongst the test group subjects. Furthermore, both groups \u00a0noted a clear tendency to reduce body weight and waist circumference despite eating the same high-calorie diet. However, the most spectacular changes were observed in objective laboratory blood tests with a statistically significant decrease in the level of total cholesterol and its pathogenic LDL, as well as a significant, favourable decrease in sugar level within the test group.<\/p>\n<p>In order to confirm these sensational observations, an extensive research was carried out thanks the huge interest and understanding of the Management Board of Kompania W\u0119glowa S.A. Between 2013 and 2014, 200 miners from the the Knur\u00f3w-Szczyg\u0142owice mine participated in the study. The subjects were divided into two age groups &#8211; up to 36 and above.<\/p>\n<p>They represented a cross-section of almost all workplaces with different exposure profiles to unfavourable working conditions such as stress, exercise, dustiness and high temperatures.<\/p>\n<p>After 3 and 12 months of regular daily consumption of 1.5-3\u00a0 litres of structured water with increased oxygen content, the blood tests and medical examinations of the test group were compared to the tests from prior to the study when the employee water was the Jurajska brand, highly appreciated on the water market. Once again, they confirmed and multiplied health-promoting effects of the structured water observed in the previous studies. Particular attention should be paid not only to the reduction of the levels of the so called &#8220;bad&#8221; LDL cholesterol that intensifies atherosclerotic processes in the arteries but above all the commonly observed increase in HDL cholesterol levels which plays a crucial \u00a0role <strong>preventing atherosclerosis and heart attacks!<\/strong> &#8211;<\/p>\n<p>Due to this significant health-promoting effect, the percentage of miners at risk of a premature heart attack decreased from<strong> 62%<\/strong> to <strong>14%<\/strong> just after 3 months of regular drinking of the structured water with increased oxygen.<\/p>\n<p>Additionally, a favourable trend was observed in the reduction of both systolic and diastolic blood pressure at a level oscillating around 9-11 mm Hg or near this value, regardless of taking any additional medicines in parallel. Disappearance of kidney stones and a diminished liver size (usually enlarged as a result of consuming a significant amount of beer in this occupational group) were \u00a0observed in the ultrasound examinations.<\/p>\n<p>Personal surveys conducted among the subjects during these tests also showed a clear acceleration of alcohol metabolism, with almost complete absence of very burdensome consequences of its action commonly referred to as the &#8220;hangover syndrome&#8221; . This provides additional evidence of the beneficial<strong> acceleration of metabolic and detoxification changes in the liver<\/strong> abundantly supplied with physically dissolved oxygen in the consumed structured water.<\/p>\n<p>Moreover, many men over 36 observed a spectacular improvement in their sexual performance.<\/p>\n<p>This Product was consumed by a wide range of private patients of the medical practice cooperating with the company. Their observations and testimonials \u00a0about \u00a0the qualities of this water relate primarily to its good taste, improved \u00a0mental and physical health , disappearance of constipation and \u00a0flatulence, regulation of impaired kidney \u00a0functions, as well as \u00a0improvement of liver test results, cholesterol fraction levels and glycaemia.<\/p>\n<p style=\"text-align: right;\">Krzysztof Majewski, MD<\/p>\n[\/vc_column_text][\/vc_column][\/vc_row]\n","protected":false},"excerpt":{"rendered":"<p>[vc_row][vc_column][vc_column_text] Review\u00a0of research on the biological activity of structured water naturally enriched with oxygen (formerly: Mountain Brook plus Oxygen) Inspired by published reports and personal reviews of German consumers of water naturally enriched with oxygen, we decided to test the real impact of regular consumption of such a product on<\/p>\n","protected":false},"author":1,"featured_media":0,"parent":1788,"menu_order":0,"comment_status":"closed","ping_status":"closed","template":"","meta":{"footnotes":""},"class_list":["post-1799","page","type-page","status-publish","hentry"],"yoast_head":"<!-- This site is optimized with the Yoast SEO plugin v27.6 - https:\/\/yoast.com\/product\/yoast-seo-wordpress\/ -->\n<title>Research and observation - My Health<\/title>\n<meta name=\"robots\" content=\"index, follow, max-snippet:-1, max-image-preview:large, max-video-preview:-1\" \/>\n<link rel=\"canonical\" href=\"https:\/\/myhealth-water.com\/en\/about-the-product\/research_observation\/\" \/>\n<meta property=\"og:locale\" content=\"en_US\" \/>\n<meta property=\"og:type\" content=\"article\" \/>\n<meta property=\"og:title\" content=\"Research and observation - My Health\" \/>\n<meta property=\"og:description\" content=\"[vc_row][vc_column][vc_column_text] Review\u00a0of research on the biological activity of structured water naturally enriched with oxygen (formerly: Mountain Brook plus Oxygen) Inspired by published reports and personal reviews of German consumers of water naturally enriched with oxygen, we decided to test the real impact of regular consumption of such a product on\" \/>\n<meta property=\"og:url\" content=\"https:\/\/myhealth-water.com\/en\/about-the-product\/research_observation\/\" \/>\n<meta property=\"og:site_name\" content=\"My Health\" \/>\n<meta property=\"article:modified_time\" content=\"2020-07-15T13:30:04+00:00\" \/>\n<meta name=\"twitter:card\" content=\"summary_large_image\" \/>\n<meta name=\"twitter:label1\" content=\"Est. reading time\" \/>\n\t<meta name=\"twitter:data1\" content=\"4 minutes\" \/>\n<script type=\"application\/ld+json\" class=\"yoast-schema-graph\">{\"@context\":\"https:\\\/\\\/schema.org\",\"@graph\":[{\"@type\":\"WebPage\",\"@id\":\"https:\\\/\\\/myhealth-water.com\\\/en\\\/about-the-product\\\/research_observation\\\/\",\"url\":\"https:\\\/\\\/myhealth-water.com\\\/en\\\/about-the-product\\\/research_observation\\\/\",\"name\":\"Research and observation - My Health\",\"isPartOf\":{\"@id\":\"https:\\\/\\\/myhealth-water.com\\\/en\\\/#website\"},\"datePublished\":\"2020-07-15T13:29:24+00:00\",\"dateModified\":\"2020-07-15T13:30:04+00:00\",\"breadcrumb\":{\"@id\":\"https:\\\/\\\/myhealth-water.com\\\/en\\\/about-the-product\\\/research_observation\\\/#breadcrumb\"},\"inLanguage\":\"en-US\",\"potentialAction\":[{\"@type\":\"ReadAction\",\"target\":[\"https:\\\/\\\/myhealth-water.com\\\/en\\\/about-the-product\\\/research_observation\\\/\"]}]},{\"@type\":\"BreadcrumbList\",\"@id\":\"https:\\\/\\\/myhealth-water.com\\\/en\\\/about-the-product\\\/research_observation\\\/#breadcrumb\",\"itemListElement\":[{\"@type\":\"ListItem\",\"position\":1,\"name\":\"Home\",\"item\":\"https:\\\/\\\/myhealth-water.com\\\/en\\\/\"},{\"@type\":\"ListItem\",\"position\":2,\"name\":\"About the Product\",\"item\":\"https:\\\/\\\/myhealth-water.com\\\/en\\\/about-the-product\\\/\"},{\"@type\":\"ListItem\",\"position\":3,\"name\":\"Research and observation\"}]},{\"@type\":\"WebSite\",\"@id\":\"https:\\\/\\\/myhealth-water.com\\\/en\\\/#website\",\"url\":\"https:\\\/\\\/myhealth-water.com\\\/en\\\/\",\"name\":\"My Health\",\"description\":\"Kolejna witryna oparta na WordPressie\",\"potentialAction\":[{\"@type\":\"SearchAction\",\"target\":{\"@type\":\"EntryPoint\",\"urlTemplate\":\"https:\\\/\\\/myhealth-water.com\\\/en\\\/?s={search_term_string}\"},\"query-input\":{\"@type\":\"PropertyValueSpecification\",\"valueRequired\":true,\"valueName\":\"search_term_string\"}}],\"inLanguage\":\"en-US\"}]}<\/script>\n<!-- \/ Yoast SEO plugin. -->","yoast_head_json":{"title":"Research and observation - My Health","robots":{"index":"index","follow":"follow","max-snippet":"max-snippet:-1","max-image-preview":"max-image-preview:large","max-video-preview":"max-video-preview:-1"},"canonical":"https:\/\/myhealth-water.com\/en\/about-the-product\/research_observation\/","og_locale":"en_US","og_type":"article","og_title":"Research and observation - My Health","og_description":"[vc_row][vc_column][vc_column_text] Review\u00a0of research on the biological activity of structured water naturally enriched with oxygen (formerly: Mountain Brook plus Oxygen) Inspired by published reports and personal reviews of German consumers of water naturally enriched with oxygen, we decided to test the real impact of regular consumption of such a product on","og_url":"https:\/\/myhealth-water.com\/en\/about-the-product\/research_observation\/","og_site_name":"My Health","article_modified_time":"2020-07-15T13:30:04+00:00","twitter_card":"summary_large_image","twitter_misc":{"Est. reading time":"4 minutes"},"schema":{"@context":"https:\/\/schema.org","@graph":[{"@type":"WebPage","@id":"https:\/\/myhealth-water.com\/en\/about-the-product\/research_observation\/","url":"https:\/\/myhealth-water.com\/en\/about-the-product\/research_observation\/","name":"Research and observation - My Health","isPartOf":{"@id":"https:\/\/myhealth-water.com\/en\/#website"},"datePublished":"2020-07-15T13:29:24+00:00","dateModified":"2020-07-15T13:30:04+00:00","breadcrumb":{"@id":"https:\/\/myhealth-water.com\/en\/about-the-product\/research_observation\/#breadcrumb"},"inLanguage":"en-US","potentialAction":[{"@type":"ReadAction","target":["https:\/\/myhealth-water.com\/en\/about-the-product\/research_observation\/"]}]},{"@type":"BreadcrumbList","@id":"https:\/\/myhealth-water.com\/en\/about-the-product\/research_observation\/#breadcrumb","itemListElement":[{"@type":"ListItem","position":1,"name":"Home","item":"https:\/\/myhealth-water.com\/en\/"},{"@type":"ListItem","position":2,"name":"About the Product","item":"https:\/\/myhealth-water.com\/en\/about-the-product\/"},{"@type":"ListItem","position":3,"name":"Research and observation"}]},{"@type":"WebSite","@id":"https:\/\/myhealth-water.com\/en\/#website","url":"https:\/\/myhealth-water.com\/en\/","name":"My Health","description":"Kolejna witryna oparta na WordPressie","potentialAction":[{"@type":"SearchAction","target":{"@type":"EntryPoint","urlTemplate":"https:\/\/myhealth-water.com\/en\/?s={search_term_string}"},"query-input":{"@type":"PropertyValueSpecification","valueRequired":true,"valueName":"search_term_string"}}],"inLanguage":"en-US"}]}},"_links":{"self":[{"href":"https:\/\/myhealth-water.com\/en\/wp-json\/wp\/v2\/pages\/1799","targetHints":{"allow":["GET"]}}],"collection":[{"href":"https:\/\/myhealth-water.com\/en\/wp-json\/wp\/v2\/pages"}],"about":[{"href":"https:\/\/myhealth-water.com\/en\/wp-json\/wp\/v2\/types\/page"}],"author":[{"embeddable":true,"href":"https:\/\/myhealth-water.com\/en\/wp-json\/wp\/v2\/users\/1"}],"replies":[{"embeddable":true,"href":"https:\/\/myhealth-water.com\/en\/wp-json\/wp\/v2\/comments?post=1799"}],"version-history":[{"count":2,"href":"https:\/\/myhealth-water.com\/en\/wp-json\/wp\/v2\/pages\/1799\/revisions"}],"predecessor-version":[{"id":1801,"href":"https:\/\/myhealth-water.com\/en\/wp-json\/wp\/v2\/pages\/1799\/revisions\/1801"}],"up":[{"embeddable":true,"href":"https:\/\/myhealth-water.com\/en\/wp-json\/wp\/v2\/pages\/1788"}],"wp:attachment":[{"href":"https:\/\/myhealth-water.com\/en\/wp-json\/wp\/v2\/media?parent=1799"}],"curies":[{"name":"wp","href":"https:\/\/api.w.org\/{rel}","templated":true}]}}